{"id":6254,"date":"2025-10-30T15:52:57","date_gmt":"2025-10-30T15:52:57","guid":{"rendered":"https:\/\/comfax.com\/?page_id=6254"},"modified":"2025-11-07T10:42:20","modified_gmt":"2025-11-07T10:42:20","slug":"home","status":"publish","type":"page","link":"https:\/\/comfax.com\/de\/","title":{"rendered":"Start"},"content":{"rendered":"<h1 class=\"wp-block-heading\">Municorn Fax<\/h1>\n\nW\u00e4hlen Sie zwischen einer der am besten bewerteten HIPAA-konformen mobilen Fax-Apps im App Store und bei Google Play oder der webbasierten E-Mail-zu-Fax-Plattform von Municorn.\n\n<figure class=\"wp-block-image size-full\"><img loading=\"lazy\" decoding=\"async\" width=\"2343\" height=\"2382\" src=\"https:\/\/comfax.com\/wp-content\/uploads\/2025\/03\/Fax_for_web3-1.png\" alt class=\"wp-image-6245\" srcset=\"https:\/\/comfax.com\/wp-content\/uploads\/2025\/03\/Fax_for_web3-1.png 2343w, https:\/\/comfax.com\/wp-content\/uploads\/2025\/03\/Fax_for_web3-1-295x300.png 295w, https:\/\/comfax.com\/wp-content\/uploads\/2025\/03\/Fax_for_web3-1-1007x1024.png 1007w, https:\/\/comfax.com\/wp-content\/uploads\/2025\/03\/Fax_for_web3-1-768x781.png 768w, https:\/\/comfax.com\/wp-content\/uploads\/2025\/03\/Fax_for_web3-1-1511x1536.png 1511w, https:\/\/comfax.com\/wp-content\/uploads\/2025\/03\/Fax_for_web3-1-2014x2048.png 2014w\" sizes=\"auto, (max-width: 2343px) 100vw, 2343px\" \/><\/figure>\n\n<div class=\"wp-block-buttons is-layout-flex wp-block-buttons-is-layout-flex\"><div class=\"wp-block-button\"><a class=\"wp-block-button__link\">Mit dem Faxen beginnen<\/a><\/div><\/div>\n\n17Mio\n\nDownloads\n\nUnterst\u00fctzte Ger\u00e4te<br>\n\n<figure class=\"wp-block-image size-full\"><a ><img decoding=\"async\" src=\"https:\/\/comfax.com\/wp-content\/uploads\/2024\/11\/Os.svg\" alt class=\"wp-image-6246\"><\/a><\/figure>\n\n<figure class=\"wp-block-image size-full\"><a ><img decoding=\"async\" src=\"https:\/\/comfax.com\/wp-content\/uploads\/2024\/11\/1android.svg\" alt class=\"wp-image-6247\"><\/a><\/figure>\n\nUnsere Funktionen\n\n<h2 class=\"wp-block-heading\">Sicher und gesch\u00fctzt<\/h2>\n\n<figure class=\"wp-block-image size-full\"><img loading=\"lazy\" decoding=\"async\" width=\"1024\" height=\"1024\" src=\"https:\/\/comfax.com\/wp-content\/uploads\/2025\/07\/FaxApp-home-email-to-fax.png\" alt class=\"wp-image-6248\" srcset=\"https:\/\/comfax.com\/wp-content\/uploads\/2025\/07\/FaxApp-home-email-to-fax.png 1024w, https:\/\/comfax.com\/wp-content\/uploads\/2025\/07\/FaxApp-home-email-to-fax-300x300.png 300w, https:\/\/comfax.com\/wp-content\/uploads\/2025\/07\/FaxApp-home-email-to-fax-150x150.png 150w, https:\/\/comfax.com\/wp-content\/uploads\/2025\/07\/FaxApp-home-email-to-fax-768x768.png 768w\" sizes=\"auto, (max-width: 1024px) 100vw, 1024px\" \/><\/figure>\n\n<h2 class=\"has-text-align-center wp-block-heading\">Online-Fax neu erfunden<\/h2>\n\n<h2 class=\"wp-block-heading\">HIPAA-konformes Fax<\/h2>\n\nWir sind ein <a href=\"https:\/\/compliancy-group.com\/hipaa-compliance-verification\/\" target=\"_blank\" rel=\"noopener\">zertifizierter Faxdienst<\/a>, der den Anforderungen des Health Insurance Portability and Accountability Act (HIPAA) entspricht, sodass Sie medizinische Dokumente sicher und gesch\u00fctzt faxen k\u00f6nnen. Patientendaten sind vollst\u00e4ndig gesch\u00fctzt \u2013 Faxe, die \u00fcber die Fax-App gesendet werden, sind verschl\u00fcsselt und werden von medizinischen Einrichtungen genauso anerkannt wie Faxe, die \u00fcber ein Faxger\u00e4t gesendet werden.\n\n<figure class=\"wp-block-image size-medium_large\"><img loading=\"lazy\" decoding=\"async\" width=\"768\" height=\"518\" src=\"https:\/\/comfax.com\/wp-content\/uploads\/2025\/03\/certif-768x518.png\" alt class=\"wp-image-6253\" srcset=\"https:\/\/comfax.com\/wp-content\/uploads\/2025\/03\/certif-768x518.png 768w, https:\/\/comfax.com\/wp-content\/uploads\/2025\/03\/certif-300x202.png 300w, https:\/\/comfax.com\/wp-content\/uploads\/2025\/03\/certif-1024x691.png 1024w, https:\/\/comfax.com\/wp-content\/uploads\/2025\/03\/certif-1536x1037.png 1536w, https:\/\/comfax.com\/wp-content\/uploads\/2025\/03\/certif-2048x1382.png 2048w\" sizes=\"auto, (max-width: 768px) 100vw, 768px\" \/><\/figure>\n\n<figure class=\"wp-block-image size-full\"><img loading=\"lazy\" decoding=\"async\" width=\"284\" height=\"338\" src=\"https:\/\/comfax.com\/wp-content\/uploads\/2024\/11\/Ellipse-143.png\" alt class=\"wp-image-6249\" srcset=\"https:\/\/comfax.com\/wp-content\/uploads\/2024\/11\/Ellipse-143.png 284w, https:\/\/comfax.com\/wp-content\/uploads\/2024\/11\/Ellipse-143-252x300.png 252w\" sizes=\"auto, (max-width: 284px) 100vw, 284px\" \/><\/figure>\n\n<figure class=\"wp-block-image size-full\"><img decoding=\"async\" src=\"https:\/\/comfax.com\/wp-content\/uploads\/2024\/11\/Spiral-5.svg\" alt class=\"wp-image-6250\"><\/figure>\n\n<h2 class=\"has-text-align-center wp-block-heading\">Verschiedene M\u00f6glichkeiten, online zu faxen<\/h2>\n\nKein Faxger\u00e4t? Kein Problem. Hier finden Sie alle M\u00f6glichkeiten, wie Sie schnell und einfach ohne Faxger\u00e4t ein Fax versenden k\u00f6nnen.\n\nKundenmeinungen\n\n<h2 class=\"wp-block-heading\">370.000 Bewertungen auf allen Plattformen mit einer durchschnittlichen Bewertung von 4,8 Sternen&nbsp;<\/h2>\n\nApp Store Bewertung\n\nSuper schnell und unkompliziert zu bedienen. Sehr \u00fcbersichtlich und benutzerfreundlich. Ich bin kein Fan der Preisgestaltung, da ich die App nur vor\u00fcbergehend nutzen musste, aber ich finde es toll, dass sie so praktisch und \u00fcbersichtlich ist.\n\nGoogle Play Bewertung\n\nAusgezeichnet! Ich war auf einer Auslandsreise und musste ein Fax versenden. Diese App war meine Rettung! Sie ist einfach zu bedienen und man wird benachrichtigt, sobald das Fax am Zielort angekommen ist.\n\nApp Store Bewertung\n\nDas Programm hat genau das getan, was es sollte, und ich bin zufrieden. Wir haben es weit gebracht, Leute. Danke an die Entwickler. Einfach. Gro\u00dfartig. \u2728\n\nGoogle Play Bewertung\n\nDas beste Online-Faxprogramm auf dem Markt! Keine Beschr\u00e4nkungen hinsichtlich der Dateigr\u00f6\u00dfe oder der Anzahl der Seiten, die man versenden kann, und es ging sooooo schnell und einfach! Einfach super!\n\nApp Store Bewertung\n\nDiese App erleichtert mir das Leben unterwegs ungemein, da ich meine Informationen immer griffbereit habe. Vielen Dank f\u00fcr diese hervorragende App!!!\n\nGoogle Play Bewertung\n\nDiese App ist sehr praktisch. Ich kann mein Handy \u00fcberallhin mitnehmen, aber nicht das Faxger\u00e4t zu Hause, und sie ist schnell und einfach zu bedienen.\n\n<h2 class=\"wp-block-heading\">Jetzt mit dem Faxen beginnen<\/h2>\n\nUm mit dem Online-Faxen zu beginnen, laden Sie unsere kostenlose iPhone- oder Android-App herunter oder scannen Sie den QR-Code mit Ihrer Handykamera\n\n<div class=\"wp-block-buttons is-layout-flex wp-block-buttons-is-layout-flex\"><div class=\"wp-block-button\"><a class=\"wp-block-button__link\">App Store<\/a><\/div><\/div>\n\n<div class=\"wp-block-buttons is-layout-flex wp-block-buttons-is-layout-flex\"><div class=\"wp-block-button\"><a class=\"wp-block-button__link\">Google Play<\/a><\/div><\/div>\n\n<figure class=\"wp-block-image size-full\"><img loading=\"lazy\" decoding=\"async\" width=\"301\" height=\"300\" src=\"https:\/\/comfax.com\/wp-content\/uploads\/2025\/02\/popup_qr_code-2.webp\" alt class=\"wp-image-6251\" srcset=\"https:\/\/comfax.com\/wp-content\/uploads\/2025\/02\/popup_qr_code-2.webp 301w, https:\/\/comfax.com\/wp-content\/uploads\/2025\/02\/popup_qr_code-2-150x150.webp 150w\" sizes=\"auto, (max-width: 301px) 100vw, 301px\" \/><\/figure>\n\n<h2 class=\"has-text-align-center wp-block-heading\">Online-Fax neu erfunden<\/h2>\n\n<h3 class=\"wp-block-heading\">Cloud-Speicher-Verbindung<\/h3>\n\n<h3 class=\"wp-block-heading\">Aktualisierung des Faxstatus<\/h3>\n\n<h3 class=\"wp-block-heading\">Sicheres Faxen<\/h3>\n\n<h3 class=\"wp-block-heading\">Von \u00fcberall aus faxen<\/h3>\n\n<h3 class=\"wp-block-heading\">Scannen Sie Ihre Dokumente<\/h3>\n\n<h3 class=\"wp-block-heading\">Senden Sie jede Art von Dokument<br><\/h3>\n\n\n\n<figure class=\"wp-block-image size-full\"><a ><img decoding=\"async\" src=\"https:\/\/comfax.com\/wp-content\/uploads\/2024\/11\/apple.svg\" alt class=\"wp-image-6252\"><\/a><\/figure>","protected":false},"excerpt":{"rendered":"<p>Municorn Fax W\u00e4hlen Sie zwischen einer der am besten bewerteten HIPAA-konformen mobilen Fax-Apps im App Store und bei Google Play oder der webbasierten E-Mail-zu-Fax-Plattform von Municorn. 17Mio Downloads Unterst\u00fctzte Ger\u00e4te Unsere Funktionen Sicher und gesch\u00fctzt Online-Fax neu erfunden HIPAA-konformes Fax Wir sind ein zertifizierter Faxdienst, der den Anforderungen des Health Insurance Portability and Accountability Act [&hellip;]<\/p>\n","protected":false},"author":3,"featured_media":0,"parent":0,"menu_order":0,"comment_status":"closed","ping_status":"closed","template":"","meta":{"_acf_changed":false,"footnotes":""},"class_list":["post-6254","page","type-page","status-publish","hentry"],"acf":[],"_links":{"self":[{"href":"https:\/\/comfax.com\/de\/wp-json\/wp\/v2\/pages\/6254","targetHints":{"allow":["GET"]}}],"collection":[{"href":"https:\/\/comfax.com\/de\/wp-json\/wp\/v2\/pages"}],"about":[{"href":"https:\/\/comfax.com\/de\/wp-json\/wp\/v2\/types\/page"}],"author":[{"embeddable":true,"href":"https:\/\/comfax.com\/de\/wp-json\/wp\/v2\/users\/3"}],"replies":[{"embeddable":true,"href":"https:\/\/comfax.com\/de\/wp-json\/wp\/v2\/comments?post=6254"}],"version-history":[{"count":5,"href":"https:\/\/comfax.com\/de\/wp-json\/wp\/v2\/pages\/6254\/revisions"}],"predecessor-version":[{"id":6262,"href":"https:\/\/comfax.com\/de\/wp-json\/wp\/v2\/pages\/6254\/revisions\/6262"}],"wp:attachment":[{"href":"https:\/\/comfax.com\/de\/wp-json\/wp\/v2\/media?parent=6254"}],"curies":[{"name":"wp","href":"https:\/\/api.w.org\/{rel}","templated":true}]}}