{"id":6277,"date":"2025-11-24T08:15:46","date_gmt":"2025-11-24T08:15:46","guid":{"rendered":"https:\/\/comfax.com\/?page_id=6277"},"modified":"2025-11-24T08:15:46","modified_gmt":"2025-11-24T08:15:46","slug":"faxnummer-online-erhalten","status":"publish","type":"page","link":"https:\/\/comfax.com\/de\/faxnummer-online-erhalten\/","title":{"rendered":"Faxnummer online erhalten"},"content":{"rendered":"<h1 class=\"wp-block-heading\">Faxnummer online erhalten<\/h1>\n\nLokale und geb\u00fchrenfreie Faxnummern, um Faxe direkt auf dein Telefon zu empfangen\n\n<figure class=\"wp-block-image size-full\"><img loading=\"lazy\" decoding=\"async\" width=\"980\" height=\"1080\" src=\"https:\/\/comfax.com\/wp-content\/uploads\/2024\/12\/get-your-hero-1.webp\" alt class=\"wp-image-3215\" srcset=\"https:\/\/comfax.com\/wp-content\/uploads\/2024\/12\/get-your-hero-1.webp 980w, https:\/\/comfax.com\/wp-content\/uploads\/2024\/12\/get-your-hero-1-272x300.webp 272w, https:\/\/comfax.com\/wp-content\/uploads\/2024\/12\/get-your-hero-1-929x1024.webp 929w, https:\/\/comfax.com\/wp-content\/uploads\/2024\/12\/get-your-hero-1-768x846.webp 768w\" sizes=\"auto, (max-width: 980px) 100vw, 980px\" \/><\/figure>\n\nDer Prozess\n\n<h2 class=\"wp-block-heading\">So erh\u00e4ltst du eine Faxnummer<\/h2>\n\nHol dir deine Faxnummer online und beginne innerhalb weniger Minuten mit dem Faxen \u00fcber die Fax-App\n\n<div class=\"wp-block-buttons is-layout-flex wp-block-buttons-is-layout-flex\"><div class=\"wp-block-button\"><a class=\"wp-block-button__link\">Alle Tarife vergleichen<\/a><\/div><\/div>\n\n<div class=\"wp-block-buttons is-layout-flex wp-block-buttons-is-layout-flex\"><div class=\"wp-block-button\"><a class=\"wp-block-button__link\">Jetzt mit dem Faxen beginnen<\/a><\/div><\/div>\n\nFaxnummern in allen Fax-App-Abonnementpl\u00e4nen verf\u00fcgbar\n\n<ol class=\"wp-block-list\">\n<li>Empfange Faxe direkt auf deinem Telefon, jederzeit und \u00fcberall.<\/li>\n<li>Lokale und geb\u00fchrenfreie Nummern f\u00fcr mehr Glaubw\u00fcrdigkeit.<\/li>\n<li>Keine physischen Faxger\u00e4te und kein Papier mehr n\u00f6tig.<\/li>\n<\/ol>\n\n\n\n<h3 class=\"wp-block-heading\">W\u00e4hle die Option \u201eFaxnummer erhalten\u201c.<\/h3>\n\n<p>Dies ist die erste Aufforderung, die du nach der Registrierung in der mobilen App siehst.<\/p><p>W\u00e4hle dies, um mit dem n\u00e4chsten Schritt fortzufahren.<\/p>\n\n<figure class=\"wp-block-image size-full\"><img loading=\"lazy\" decoding=\"async\" width=\"1000\" height=\"1920\" src=\"https:\/\/comfax.com\/wp-content\/uploads\/2024\/12\/get-fax-number.webp\" alt class=\"wp-image-2977\" srcset=\"https:\/\/comfax.com\/wp-content\/uploads\/2024\/12\/get-fax-number.webp 1000w, https:\/\/comfax.com\/wp-content\/uploads\/2024\/12\/get-fax-number-156x300.webp 156w, https:\/\/comfax.com\/wp-content\/uploads\/2024\/12\/get-fax-number-533x1024.webp 533w, https:\/\/comfax.com\/wp-content\/uploads\/2024\/12\/get-fax-number-768x1475.webp 768w, https:\/\/comfax.com\/wp-content\/uploads\/2024\/12\/get-fax-number-800x1536.webp 800w\" sizes=\"auto, (max-width: 1000px) 100vw, 1000px\" \/><\/figure>\n\n<h3 class=\"wp-block-heading\">Beginne mit dem Online-Faxen mit deiner neuen Faxnummer<\/h3>\n\n<figure class=\"wp-block-image size-full\"><img loading=\"lazy\" decoding=\"async\" width=\"1000\" height=\"1920\" src=\"https:\/\/comfax.com\/wp-content\/uploads\/2024\/12\/5-start-using-your-number.webp\" alt class=\"wp-image-2976\" srcset=\"https:\/\/comfax.com\/wp-content\/uploads\/2024\/12\/5-start-using-your-number.webp 1000w, https:\/\/comfax.com\/wp-content\/uploads\/2024\/12\/5-start-using-your-number-156x300.webp 156w, https:\/\/comfax.com\/wp-content\/uploads\/2024\/12\/5-start-using-your-number-533x1024.webp 533w, https:\/\/comfax.com\/wp-content\/uploads\/2024\/12\/5-start-using-your-number-768x1475.webp 768w, https:\/\/comfax.com\/wp-content\/uploads\/2024\/12\/5-start-using-your-number-800x1536.webp 800w\" sizes=\"auto, (max-width: 1000px) 100vw, 1000px\" \/><\/figure>\n\n<p>Sobald du bereit bist, ist dein Posteingang bereit, Faxe mit deiner neuen Faxnummer zu senden und zu empfangen. Deine Faxnummer wird immer oben in deinem Posteingang angezeigt, wo du sie einfach in die Zwischenablage kopieren kannst, um sie mit Kontakten zu teilen. <\/p>\n\n<h3 class=\"wp-block-heading\">Eine Online-Faxnummer generieren<\/h3>\n\n<figure class=\"wp-block-image size-full\"><img loading=\"lazy\" decoding=\"async\" width=\"1000\" height=\"1920\" src=\"https:\/\/comfax.com\/wp-content\/uploads\/2024\/12\/4-generate-online-fax-number.webp\" alt class=\"wp-image-2975\" srcset=\"https:\/\/comfax.com\/wp-content\/uploads\/2024\/12\/4-generate-online-fax-number.webp 1000w, https:\/\/comfax.com\/wp-content\/uploads\/2024\/12\/4-generate-online-fax-number-156x300.webp 156w, https:\/\/comfax.com\/wp-content\/uploads\/2024\/12\/4-generate-online-fax-number-533x1024.webp 533w, https:\/\/comfax.com\/wp-content\/uploads\/2024\/12\/4-generate-online-fax-number-768x1475.webp 768w, https:\/\/comfax.com\/wp-content\/uploads\/2024\/12\/4-generate-online-fax-number-800x1536.webp 800w\" sizes=\"auto, (max-width: 1000px) 100vw, 1000px\" \/><\/figure>\n\n<p>Sobald du mit deiner Vorwahl zufrieden bist, w\u00e4hle entweder eine Faxnummer aus oder generiere eine zuf\u00e4llige Faxnummer mit der App. Du siehst, wie die App deine Faxnummer generiert, und sobald dies abgeschlossen ist, wirst du mit deiner brandneuen Faxnummer zu deinem Posteingang zur\u00fcckgeleitet. <\/p>\n\n<h3 class=\"wp-block-heading\">Suche nach deinem gew\u00fcnschten Bereich<\/h3>\n\n<figure class=\"wp-block-image size-full\"><img loading=\"lazy\" decoding=\"async\" width=\"1000\" height=\"1920\" src=\"https:\/\/comfax.com\/wp-content\/uploads\/2024\/12\/search-area-code-1.webp\" alt class=\"wp-image-2978\" srcset=\"https:\/\/comfax.com\/wp-content\/uploads\/2024\/12\/search-area-code-1.webp 1000w, https:\/\/comfax.com\/wp-content\/uploads\/2024\/12\/search-area-code-1-156x300.webp 156w, https:\/\/comfax.com\/wp-content\/uploads\/2024\/12\/search-area-code-1-533x1024.webp 533w, https:\/\/comfax.com\/wp-content\/uploads\/2024\/12\/search-area-code-1-768x1475.webp 768w, https:\/\/comfax.com\/wp-content\/uploads\/2024\/12\/search-area-code-1-800x1536.webp 800w\" sizes=\"auto, (max-width: 1000px) 100vw, 1000px\" \/><\/figure>\n\n<p>Gib einfach deinen Standort in die Suchfunktion der App ein und du erh\u00e4ltst deine lokale Vorwahl. Einige Gebiete haben mehr als eine Vorwahl! <\/p>\n\n<h3 class=\"wp-block-heading\">W\u00e4hle dein gew\u00fcnschtes Land und Bundesland<\/h3>\n\n<figure class=\"wp-block-image size-full\"><img loading=\"lazy\" decoding=\"async\" width=\"1000\" height=\"1920\" src=\"https:\/\/comfax.com\/wp-content\/uploads\/2024\/12\/choose-area-code.webp\" alt class=\"wp-image-2974\" srcset=\"https:\/\/comfax.com\/wp-content\/uploads\/2024\/12\/choose-area-code.webp 1000w, https:\/\/comfax.com\/wp-content\/uploads\/2024\/12\/choose-area-code-156x300.webp 156w, https:\/\/comfax.com\/wp-content\/uploads\/2024\/12\/choose-area-code-533x1024.webp 533w, https:\/\/comfax.com\/wp-content\/uploads\/2024\/12\/choose-area-code-768x1475.webp 768w, https:\/\/comfax.com\/wp-content\/uploads\/2024\/12\/choose-area-code-800x1536.webp 800w\" sizes=\"auto, (max-width: 1000px) 100vw, 1000px\" \/><\/figure>\n\n<p>Es gibt mehrere Optionen, was das Land betrifft, und die App zeigt dir eine Aufschl\u00fcsselung aller Vorwahlen in deinem Wunschland. Wenn du zum Beispiel ein lokales Unternehmen f\u00fchrst und eine lokale Nummer f\u00fcr deine Kunden m\u00f6chtest, kannst du lokale Faxnummern w\u00e4hlen, damit Kunden und andere Unternehmen dir problemlos ein Fax senden k\u00f6nnen. <\/p>\n\nSchritt-f\u00fcr-Schritt-Anleitung\n\n<h2 class=\"wp-block-heading\">Eine Schritt-f\u00fcr-Schritt-Anleitung, um eine Faxnummer online zu erhalten<\/h2>\n\nMit der FAX-App ist es sehr einfach, deine Faxnummer einzurichten. In diesem Abschnitt zeigen wir dir alles, was du tun musst, um innerhalb weniger Minuten mit dem Faxen zu beginnen. Befolge einfach diese einfachen Schritte:\n\nWenn du in der App navigierst, gehe zu deinem Posteingang und dann <span>\u2935<\/span>\n\n<figure class=\"wp-block-image size-full\"><img loading=\"lazy\" decoding=\"async\" width=\"1000\" height=\"1920\" src=\"https:\/\/comfax.com\/wp-content\/uploads\/2024\/12\/get-fax-number.webp\" alt class=\"wp-image-2977\" srcset=\"https:\/\/comfax.com\/wp-content\/uploads\/2024\/12\/get-fax-number.webp 1000w, https:\/\/comfax.com\/wp-content\/uploads\/2024\/12\/get-fax-number-156x300.webp 156w, https:\/\/comfax.com\/wp-content\/uploads\/2024\/12\/get-fax-number-533x1024.webp 533w, https:\/\/comfax.com\/wp-content\/uploads\/2024\/12\/get-fax-number-768x1475.webp 768w, https:\/\/comfax.com\/wp-content\/uploads\/2024\/12\/get-fax-number-800x1536.webp 800w\" sizes=\"auto, (max-width: 1000px) 100vw, 1000px\" \/><\/figure>\n\n9,99 $\n\n29,99 $\n\n249,99 $\n\nPreise\n\n<h2 class=\"wp-block-heading\">Fax-App-Pl\u00e4ne beinhalten eine Faxnummer<\/h2>\n\nLokale und geb\u00fchrenfreie Nummer zum erschwinglichen Abonnementpreis\n\n<h2 class=\"wp-block-heading\">Gibt es andere M\u00f6glichkeiten, eine Faxnummer zu erhalten?<\/h2>\n\nObwohl Online-Faxdienste heute der bequemste Weg sind, eine geb\u00fchrenfreie Faxnummer zu erhalten, gibt es noch andere M\u00f6glichkeiten, Faxe zu senden und zu empfangen.\n\n<h2 class=\"wp-block-heading\">Warum eine eigene Faxnummer?<\/h2>\n\nFaxen ist immer noch ein wichtiger Bestandteil vieler Unternehmen und Branchen, da es nach wie vor einzigartige Vorteile bietet.\n\n<figure class=\"wp-block-image size-full\"><img loading=\"lazy\" decoding=\"async\" width=\"750\" height=\"1000\" src=\"https:\/\/comfax.com\/wp-content\/uploads\/2024\/12\/why-fax-number.webp\" alt class=\"wp-image-3111\" srcset=\"https:\/\/comfax.com\/wp-content\/uploads\/2024\/12\/why-fax-number.webp 750w, https:\/\/comfax.com\/wp-content\/uploads\/2024\/12\/why-fax-number-225x300.webp 225w\" sizes=\"auto, (max-width: 750px) 100vw, 750px\" \/><\/figure>\n\n<div class=\"wp-block-buttons is-layout-flex wp-block-buttons-is-layout-flex\"><div class=\"wp-block-button\"><a class=\"wp-block-button__link\">Jetzt mit dem Faxen beginnen<\/a><\/div><\/div>\n\n<h2 class=\"wp-block-heading\">Jetzt mit dem Faxen beginnen<\/h2>\n\nErstelle ein Konto, um Zeit und Geld zu sparen, indem du kostenlose Faxe von einem Computer oder Mobilger\u00e4t weltweit versendest.\n\n<div class=\"wp-block-buttons is-layout-flex wp-block-buttons-is-layout-flex\"><div class=\"wp-block-button\"><a class=\"wp-block-button__link\">App Store<\/a><\/div><\/div>\n\n<div class=\"wp-block-buttons is-layout-flex wp-block-buttons-is-layout-flex\"><div class=\"wp-block-button\"><a class=\"wp-block-button__link\">Google Play<\/a><\/div><\/div>\n\n<figure class=\"wp-block-image size-full\"><img loading=\"lazy\" decoding=\"async\" width=\"1080\" height=\"1080\" src=\"https:\/\/comfax.com\/wp-content\/uploads\/2024\/12\/cta-1-1.webp\" alt class=\"wp-image-3444\" srcset=\"https:\/\/comfax.com\/wp-content\/uploads\/2024\/12\/cta-1-1.webp 1080w, https:\/\/comfax.com\/wp-content\/uploads\/2024\/12\/cta-1-1-300x300.webp 300w, https:\/\/comfax.com\/wp-content\/uploads\/2024\/12\/cta-1-1-1024x1024.webp 1024w, https:\/\/comfax.com\/wp-content\/uploads\/2024\/12\/cta-1-1-150x150.webp 150w, https:\/\/comfax.com\/wp-content\/uploads\/2024\/12\/cta-1-1-768x768.webp 768w\" sizes=\"auto, (max-width: 1080px) 100vw, 1080px\" \/><\/figure>\n\nAndere Faxm\u00f6glichkeiten\n\n<h3 class=\"wp-block-heading\">Herk\u00f6mmliche Faxger\u00e4te und B\u00fcrotelefone<\/h3>\n\n<p data-pm-slice=\"1 3 []\">Ein herk\u00f6mmliches Faxger\u00e4t ist eine bew\u00e4hrte Methode zum Faxen, obwohl es ziemlich altmodisch ist. Du m\u00fcsstest ein Faxger\u00e4t kaufen und dann deinen lokalen Telefonanbieter anrufen, um eine Faxleitungsinstallation anzufordern. <\/p>\n<p>Dies ist eine gute M\u00f6glichkeit, gro\u00dfe Faxmengen zu verarbeiten und nicht auf eine Internetverbindung angewiesen zu sein. Dedizierte Telefonleitungen sind jedoch kostspielig, und Faxger\u00e4te ben\u00f6tigen viel Platz sowie Wartungs-, Tinten- und Papierkosten. Ein herk\u00f6mmliches Faxger\u00e4t hat auch eine eingeschr\u00e4nkte Funktionalit\u00e4t im Vergleich zu Online-Faxdiensten; die Unf\u00e4higkeit, Faxe online zu speichern, kann f\u00fcr moderne Benutzer unpraktisch sein.  <\/p>\n\n<h3 class=\"wp-block-heading\">VoIP<\/h3>\n\n<p>Wenn du einen VoIP-Telefondienst hast, kann dein Anbieter auch virtuelle Faxdienste anbieten und dir erm\u00f6glichen, deine eigene virtuelle Faxnummer zu generieren.<\/p>\n<p>Virtuelle Dienstanbieter bieten eine gro\u00dfe Auswahl an Kommunikationsfunktionen und Integrationen mit anderen Plattformen und Anwendungen, die du in deiner Arbeit oder deinen Hobbys nutzen k\u00f6nntest.<\/p>\n<p>Sie sind jedoch recht teuer, werden meist prim\u00e4r als Form der Gesch\u00e4ftskommunikation genutzt, und Faxen ist nicht der Hauptdienst, den ein virtueller Telefondienst anbietet, sodass die Funktionalit\u00e4t im Vergleich zu einem spezialisierten Online-Faxdienst eingeschr\u00e4nkt sein kann.<\/p>\n\n02\n\n01\n\n<div class=\"wp-block-buttons is-layout-flex wp-block-buttons-is-layout-flex\"><div class=\"wp-block-button\"><a class=\"wp-block-button__link\">Jetzt mit dem Faxen beginnen<\/a><\/div><\/div>","protected":false},"excerpt":{"rendered":"<p>Faxnummer online erhalten Lokale und geb\u00fchrenfreie Faxnummern, um Faxe direkt auf dein Telefon zu empfangen Der Prozess So erh\u00e4ltst du eine Faxnummer Hol dir deine Faxnummer online und beginne innerhalb weniger Minuten mit dem Faxen \u00fcber die Fax-App Faxnummern in allen Fax-App-Abonnementpl\u00e4nen verf\u00fcgbar Empfange Faxe direkt auf deinem Telefon, jederzeit und \u00fcberall. Lokale und geb\u00fchrenfreie [&hellip;]<\/p>\n","protected":false},"author":3,"featured_media":0,"parent":0,"menu_order":0,"comment_status":"closed","ping_status":"closed","template":"","meta":{"_acf_changed":false,"footnotes":""},"class_list":["post-6277","page","type-page","status-publish","hentry"],"acf":[],"_links":{"self":[{"href":"https:\/\/comfax.com\/de\/wp-json\/wp\/v2\/pages\/6277","targetHints":{"allow":["GET"]}}],"collection":[{"href":"https:\/\/comfax.com\/de\/wp-json\/wp\/v2\/pages"}],"about":[{"href":"https:\/\/comfax.com\/de\/wp-json\/wp\/v2\/types\/page"}],"author":[{"embeddable":true,"href":"https:\/\/comfax.com\/de\/wp-json\/wp\/v2\/users\/3"}],"replies":[{"embeddable":true,"href":"https:\/\/comfax.com\/de\/wp-json\/wp\/v2\/comments?post=6277"}],"version-history":[{"count":3,"href":"https:\/\/comfax.com\/de\/wp-json\/wp\/v2\/pages\/6277\/revisions"}],"predecessor-version":[{"id":6517,"href":"https:\/\/comfax.com\/de\/wp-json\/wp\/v2\/pages\/6277\/revisions\/6517"}],"wp:attachment":[{"href":"https:\/\/comfax.com\/de\/wp-json\/wp\/v2\/media?parent=6277"}],"curies":[{"name":"wp","href":"https:\/\/api.w.org\/{rel}","templated":true}]}}