{"id":6332,"date":"2025-11-07T11:43:30","date_gmt":"2025-11-07T11:43:30","guid":{"rendered":"https:\/\/comfax.com\/?page_id=6332"},"modified":"2025-11-07T11:43:30","modified_gmt":"2025-11-07T11:43:30","slug":"faxen-ohne-faxgeraet","status":"publish","type":"page","link":"https:\/\/comfax.com\/de\/faxen-ohne-faxgeraet\/","title":{"rendered":"So faxen Sie ohne Faxger\u00e4t"},"content":{"rendered":"<figure class=\"wp-block-image size-full\"><img loading=\"lazy\" decoding=\"async\" width=\"2556\" height=\"3239\" src=\"https:\/\/comfax.com\/wp-content\/smush-webp\/2025\/03\/Fax_for_web_1.png.webp\" alt=\"\" class=\"wp-image-4708\" srcset=\"https:\/\/comfax.com\/wp-content\/smush-webp\/2025\/03\/Fax_for_web_1.png.webp 2556w, https:\/\/comfax.com\/wp-content\/smush-webp\/2025\/03\/Fax_for_web_1-237x300.png.webp 237w, https:\/\/comfax.com\/wp-content\/smush-webp\/2025\/03\/Fax_for_web_1-808x1024.png.webp 808w, https:\/\/comfax.com\/wp-content\/smush-webp\/2025\/03\/Fax_for_web_1-768x973.png.webp 768w, https:\/\/comfax.com\/wp-content\/smush-webp\/2025\/03\/Fax_for_web_1-1212x1536.png.webp 1212w, https:\/\/comfax.com\/wp-content\/smush-webp\/2025\/03\/Fax_for_web_1-1616x2048.png.webp 1616w\" sizes=\"auto, (max-width: 2556px) 100vw, 2556px\" \/><\/figure><h1 class=\"wp-block-heading\">So faxen Sie ohne Faxger\u00e4t<\/h1>Ditch the outdated fax machine! With our online fax app, you can send and receive faxes instantly from anywhere\u2014all you need is an internet connection. Whether it\u2019s sending secure documents, signing and faxing forms, or connecting globally without high charges, we\u2019ve got you covered. Start faxing smarter today!Download App:<div class=\"wp-block-buttons is-layout-flex wp-block-buttons-is-layout-flex\"><div class=\"wp-block-button\"><a class=\"wp-block-button__link\">App Store<\/a><\/div><\/div><div class=\"wp-block-buttons is-layout-flex wp-block-buttons-is-layout-flex\"><div class=\"wp-block-button\"><a class=\"wp-block-button__link\">Google Play<\/a><\/div><\/div>Send Faxes Online\u2014Fast, Secure, and Hassle-Free<h2 class=\"wp-block-heading\">Verschiedene M\u00f6glichkeiten, ohne Faxger\u00e4t zu faxen<\/h2>No fax machine? No problem. Here are all the ways you can quickly and easily send a fax without a fax machine.Using Mobile App<h2 class=\"wp-block-heading\">So faxen Sie mit einer Handy-App<\/h2><p>Ohne Faxger\u00e4t faxen Sie am besten mit einem Handy \u2013 fast jeder hat ein Smartphone in der Tasche, und diese Ger\u00e4te sind mit unglaublicher Technologie ausgestattet, die Fax-Apps voll ausnutzen k\u00f6nnen. Mit der Kamera k\u00f6nnen Sie Dokumente in hoher Qualit\u00e4t scannen, ganz einfach mehrere Seiten vorbereiten und ein <a href=\"https:\/\/comfax.com\/how-to\/fax-cover-sheets\/\">Deckblatt<\/a> erstellen \u2013 alles innerhalb der App. <\/p>\n<p>Mit unserer <a href=\"https:\/\/comfax.com\/android-fax-app\/\">Android-App<\/a> oder <a href=\"https:\/\/comfax.com\/iphone-fax-app\/\">iPhone-App<\/a> geht das ganz einfach und schnell. In wenigen Minuten k\u00f6nnen Sie Ihr Konto einrichten und Ihr erstes Fax versenden.<\/p><h3 class=\"wp-block-heading\">Schritt 4 Faxnummer eingeben<\/h3><p>Geben Sie im Abschnitt \u201eNeues Fax\u201c einfach die Faxnummer des Empf\u00e4ngers ein, f\u00fcgen Sie bei Bedarf ein Deckblatt hinzu und scannen Sie alle Dokumente, die Sie faxen m\u00f6chten. Sie k\u00f6nnen auch Dokumente aus der Cloud, von Google Drive oder aus anderen Drittanbietersystemen hinzuf\u00fcgen. Und das Beste: Sie k\u00f6nnen mit unserer App eine unbegrenzte Anzahl an Seiten ohne zus\u00e4tzliche Kosten faxen!  <\/p><h3 class=\"wp-block-heading\">Schritt 5<span> <\/span>Senden klicken<\/h3><p>Sobald Sie bereit sind, klicken Sie auf Senden. Sie k\u00f6nnen alle gesendeten Faxe in der App anzeigen und einen Best\u00e4tigungsbericht abrufen, damit Sie wissen, dass sie zugestellt wurden. <\/p><h3 class=\"wp-block-heading\">Schritt 6 <span>Posteingang aufrufen, um empfangene Faxe anzuzeigen<\/span><\/h3><p>M\u00f6chten Sie ein erhaltenes Fax betrachten? Gehen Sie einfach zu Ihrem Posteingang, wo alle eingehenden Faxe gespeichert werden. Wenn Sie Ihr Handy verlieren, k\u00f6nnen Sie Ihren gesamten Kontoverlauf und alle Faxe wiederherstellen, indem Sie sich an den Kundendienst wenden!  <\/p><figure class=\"wp-block-image size-full\"><img loading=\"lazy\" decoding=\"async\" width=\"1040\" height=\"2156\" src=\"https:\/\/comfax.com\/wp-content\/uploads\/2024\/12\/Fax_iOS_4.webp\" alt=\"\" class=\"wp-image-2266\" srcset=\"https:\/\/comfax.com\/wp-content\/uploads\/2024\/12\/Fax_iOS_4.webp 1040w, https:\/\/comfax.com\/wp-content\/uploads\/2024\/12\/Fax_iOS_4-145x300.webp 145w, https:\/\/comfax.com\/wp-content\/uploads\/2024\/12\/Fax_iOS_4-494x1024.webp 494w, https:\/\/comfax.com\/wp-content\/uploads\/2024\/12\/Fax_iOS_4-768x1592.webp 768w, https:\/\/comfax.com\/wp-content\/uploads\/2024\/12\/Fax_iOS_4-741x1536.webp 741w, https:\/\/comfax.com\/wp-content\/uploads\/2024\/12\/Fax_iOS_4-988x2048.webp 988w\" sizes=\"auto, (max-width: 1040px) 100vw, 1040px\" \/><\/figure>Web Faxing<h2 class=\"wp-block-heading\">So faxen Sie mit Webfax<\/h2><p>Neben Fax-Apps k\u00f6nnen Sie auch Webfax auf Ihrem Handy oder Computer verwenden. Webfax-Dienste wie unser EveryFax sind aufgrund ihrer Funktionen f\u00fcr Unternehmen besonders beliebt, und viele Unternehmen nutzen sie, weil sie Faxe direkt vom Computer aus versenden k\u00f6nnen. <\/p>\n<p>Ob Sie Webfax f\u00fcr private Zwecke anstelle einer Handy-App nutzen oder Gesch\u00e4ftsabschl\u00fcsse t\u00e4tigen m\u00f6chten, hier erfahren Sie, wie Sie loslegen k\u00f6nnen:<\/p><h3 class=\"wp-block-heading\">Schritt 1<\/h3>Visit the website and select \u2018Start Faxing\u2019 to get your own account set up.<h3 class=\"wp-block-heading\">Schritt 2<\/h3>Choose your fax number \u2013 you can browse codes from all local areas to set up your number in a location that best suits you.<h3 class=\"wp-block-heading\">Schritt 3<\/h3>Choose a flexible subscription \u2013 you can choose individual plans or team plans for a small or large business, depending on the scale you need.<h3 class=\"wp-block-heading\">Schritt 1 App herunterladen<\/h3><p>Laden Sie die Fax-App mit Ihrem iOS- oder Android-Mobilger\u00e4t herunter.<\/p><h3 class=\"wp-block-heading\">Schritt 3 Holen Sie sich Ihre eigene Faxnummer<\/h3><p>Richten Sie mit den einfachen Anweisungen in der App Ihre eigene Faxnummer mit Ihrer Wunschvorwahl ein. Anschlie\u00dfend k\u00f6nnen Sie sofort Faxe senden und empfangen.<\/p><h3 class=\"wp-block-heading\">Schritt 2 W\u00e4hlen Sie Ihren Plan<\/h3><p>W\u00e4hlen Sie ein flexibles Abonnement, das zu Ihnen passt \u2013 es ist viel g\u00fcnstiger als ein Faxger\u00e4t und Sie k\u00f6nnen es jederzeit k\u00fcndigen.<\/p><h3 class=\"wp-block-heading\">Schritt 4<\/h3>Once you\u2019re all set, just click on \u2018Send New Fax\u2019 to begin a new fax message. Use the \u2018add document\u2019 option to attach any pages, and use the website\u2019s various cover sheet options to customize your fax.<h3 class=\"wp-block-heading\">Schritt 5<\/h3>Click send when you are ready \u2013 you will get a confirmation message when the fax is delivered.<h3 class=\"wp-block-heading\">Schritt 6<\/h3>Similarly to mobile apps, you can view sent and received faxes from your account, which is backed up in the cloud in case you lose your device!<h3 class=\"wp-block-heading\">Schritt 1<\/h3>Visit EveryFax and, similar to web faxing, set up your account and get your fax number.Using Email<h2 class=\"wp-block-heading\">So faxen Sie per E-Mail<\/h2><p>Sie k\u00f6nnen auch direkt von Ihrem E-Mail-Konto aus ein Fax an ein Faxger\u00e4t senden, indem Sie die E-Mail-zu-Fax-Software unserer E<a href=\"https:\/\/everyfax.com\/email-to-fax\" target=\"_blank\" rel=\"noopener noreferrer\">veryFax-Plattform<\/a> nutzen. Auch hier ben\u00f6tigen Sie keine Telefonleitung und k\u00f6nnen mit einem Computer oder Mobilger\u00e4t alle Vorteile eines herk\u00f6mmlichen Faxger\u00e4ts nutzen, dazu noch viele weitere Funktionen.  <a href=\"https:\/\/comfax.com\/how-to\/fax-from-email\/\">Mehr erfahren<\/a><\/p><figure class=\"wp-block-image size-full\"><img loading=\"lazy\" decoding=\"async\" width=\"960\" height=\"540\" src=\"https:\/\/comfax.com\/wp-content\/smush-webp\/2024\/12\/attach-documents-1.png.webp\" alt=\"\" class=\"wp-image-4002\" srcset=\"https:\/\/comfax.com\/wp-content\/smush-webp\/2024\/12\/attach-documents-1.png.webp 960w, https:\/\/comfax.com\/wp-content\/smush-webp\/2024\/12\/attach-documents-1-300x169.png.webp 300w, https:\/\/comfax.com\/wp-content\/smush-webp\/2024\/12\/attach-documents-1-768x432.png.webp 768w\" sizes=\"auto, (max-width: 960px) 100vw, 960px\" \/><\/figure><h3 class=\"wp-block-heading\">Schritt 3<\/h3>Attach any documents you want to fax \u2013 you can include over 60 different file formats which are compatible!<figure class=\"wp-block-image size-full\"><img loading=\"lazy\" decoding=\"async\" width=\"960\" height=\"540\" src=\"https:\/\/comfax.com\/wp-content\/smush-webp\/2024\/12\/enter-fax-number-email.png.webp\" alt=\"\" class=\"wp-image-4003\" srcset=\"https:\/\/comfax.com\/wp-content\/smush-webp\/2024\/12\/enter-fax-number-email.png.webp 960w, https:\/\/comfax.com\/wp-content\/smush-webp\/2024\/12\/enter-fax-number-email-300x169.png.webp 300w, https:\/\/comfax.com\/wp-content\/smush-webp\/2024\/12\/enter-fax-number-email-768x432.png.webp 768w\" sizes=\"auto, (max-width: 960px) 100vw, 960px\" \/><\/figure><h3 class=\"wp-block-heading\">Schritt 2<\/h3>Visit your email account once you are set up, and start a new message. Simply write the recipient\u2019s fax number in the sender\u2019s address, and then add \u201c@send.everyfax.com\u201d at the end of the number.<figure class=\"wp-block-image size-full\"><img loading=\"lazy\" decoding=\"async\" width=\"960\" height=\"540\" src=\"https:\/\/comfax.com\/wp-content\/smush-webp\/2024\/12\/click-send-email.png.webp\" alt=\"\" class=\"wp-image-4004\" srcset=\"https:\/\/comfax.com\/wp-content\/smush-webp\/2024\/12\/click-send-email.png.webp 960w, https:\/\/comfax.com\/wp-content\/smush-webp\/2024\/12\/click-send-email-300x169.png.webp 300w, https:\/\/comfax.com\/wp-content\/smush-webp\/2024\/12\/click-send-email-768x432.png.webp 768w\" sizes=\"auto, (max-width: 960px) 100vw, 960px\" \/><\/figure><h3 class=\"wp-block-heading\">Schritt 4<\/h3>Just click send, and EveryFax will handle the rest. You will receive a fax confirmation report once the message is delivered, and view your fax history on the web portal.<figure class=\"wp-block-image size-full\"><img loading=\"lazy\" decoding=\"async\" width=\"960\" height=\"540\" src=\"https:\/\/comfax.com\/wp-content\/smush-webp\/2024\/12\/email-inbox.png.webp\" alt=\"\" class=\"wp-image-4005\" srcset=\"https:\/\/comfax.com\/wp-content\/smush-webp\/2024\/12\/email-inbox.png.webp 960w, https:\/\/comfax.com\/wp-content\/smush-webp\/2024\/12\/email-inbox-300x169.png.webp 300w, https:\/\/comfax.com\/wp-content\/smush-webp\/2024\/12\/email-inbox-768x432.png.webp 768w\" sizes=\"auto, (max-width: 960px) 100vw, 960px\" \/><\/figure><figure class=\"wp-block-embed-youtube wp-block-embed is-type-video is-provider-youtube\"><div class=\"wp-block-embed__wrapper\">https:\/\/www.youtube.com\/watch?v=1gHMn5OLx5o<\/div><\/figure><h2 class=\"wp-block-heading\">Wie sicher ist Online-Faxen?<\/h2><p>Faxen gilt als sehr sicher \u2013 Sicherheit ist einer der Hauptgr\u00fcnde, warum es im Gesundheitswesen, im Rechtswesen, im Finanzwesen und in Beh\u00f6rden so weit verbreitet ist. Bietet Online-Faxen also das gleiche Ma\u00df an Sicherheit? <\/p>\n<p>Die kurze Antwort lautet: Ja. Online-Faxen bietet alle Vorteile der Sicherheit herk\u00f6mmlicher Faxger\u00e4te und ist weitaus weniger anf\u00e4llig f\u00fcr Cyberangriffe als E-Mail-Server. Unsere Fax-App und unsere Online-Faxdienste gehen noch einen Schritt weiter und verschl\u00fcsseln Daten mit 256-Bit-AES- und SSL-Datenschutz f\u00fcr \u00dcbertragungen.  <\/p>\n<p>Wenn Sie den richtigen Dienstleister w\u00e4hlen, ist es nicht nur sicherer, sondern Sie erhalten auch den vollen rechtlichen Schutz \u2013 beispielsweise genie\u00dfen Ihre Gesundheitsdaten einen besseren rechtlichen Datenschutz, wenn Sie sie \u00fcber einen HIPAA-konformen Faxdienst wie den unseren versenden.<\/p><figure class=\"wp-block-image size-full\"><img loading=\"lazy\" decoding=\"async\" width=\"2858\" height=\"3540\" src=\"https:\/\/comfax.com\/wp-content\/smush-webp\/2025\/03\/Fax_for_web2-1.png.webp\" alt=\"\" class=\"wp-image-4709\" srcset=\"https:\/\/comfax.com\/wp-content\/smush-webp\/2025\/03\/Fax_for_web2-1.png.webp 2858w, https:\/\/comfax.com\/wp-content\/smush-webp\/2025\/03\/Fax_for_web2-1-242x300.png.webp 242w, https:\/\/comfax.com\/wp-content\/smush-webp\/2025\/03\/Fax_for_web2-1-827x1024.png.webp 827w, https:\/\/comfax.com\/wp-content\/smush-webp\/2025\/03\/Fax_for_web2-1-768x951.png.webp 768w, https:\/\/comfax.com\/wp-content\/smush-webp\/2025\/03\/Fax_for_web2-1-1240x1536.png.webp 1240w, https:\/\/comfax.com\/wp-content\/smush-webp\/2025\/03\/Fax_for_web2-1-1653x2048.png.webp 1653w\" sizes=\"auto, (max-width: 2858px) 100vw, 2858px\" \/><\/figure><h2 class=\"wp-block-heading\">So empfangen Sie Faxe ohne Faxger\u00e4t<\/h2><h2 class=\"wp-block-heading\">So empfangen Sie Faxe ohne Faxger\u00e4t<\/h2>No fax machine? No problem! With our app, you can send and receive faxes straight from your phone\u2014completely free. Plus, here\u2019s the coolest part: you get to <a href=\"https:\/\/comfax.com\/de\/?page_id=6277\">pick your own fax number<\/a> with any area code you want.<figure class=\"wp-block-image size-large\"><img loading=\"lazy\" decoding=\"async\" width=\"504\" height=\"1024\" src=\"https:\/\/comfax.com\/wp-content\/uploads\/2024\/12\/Fax_iOS_3-504x1024.webp\" alt=\"\" class=\"wp-image-2265\" srcset=\"https:\/\/comfax.com\/wp-content\/uploads\/2024\/12\/Fax_iOS_3-504x1024.webp 504w, https:\/\/comfax.com\/wp-content\/uploads\/2024\/12\/Fax_iOS_3-148x300.webp 148w, https:\/\/comfax.com\/wp-content\/uploads\/2024\/12\/Fax_iOS_3-768x1560.webp 768w, https:\/\/comfax.com\/wp-content\/uploads\/2024\/12\/Fax_iOS_3-756x1536.webp 756w, https:\/\/comfax.com\/wp-content\/uploads\/2024\/12\/Fax_iOS_3-1008x2048.webp 1008w, https:\/\/comfax.com\/wp-content\/uploads\/2024\/12\/Fax_iOS_3.webp 1064w\" sizes=\"auto, (max-width: 504px) 100vw, 504px\" \/><\/figure><figure class=\"wp-block-image size-large\"><img loading=\"lazy\" decoding=\"async\" width=\"504\" height=\"1024\" src=\"https:\/\/comfax.com\/wp-content\/uploads\/2024\/12\/Fax_iOS_2-504x1024.webp\" alt=\"\" class=\"wp-image-2268\" srcset=\"https:\/\/comfax.com\/wp-content\/uploads\/2024\/12\/Fax_iOS_2-504x1024.webp 504w, https:\/\/comfax.com\/wp-content\/uploads\/2024\/12\/Fax_iOS_2-148x300.webp 148w, https:\/\/comfax.com\/wp-content\/uploads\/2024\/12\/Fax_iOS_2-768x1560.webp 768w, https:\/\/comfax.com\/wp-content\/uploads\/2024\/12\/Fax_iOS_2-756x1536.webp 756w, https:\/\/comfax.com\/wp-content\/uploads\/2024\/12\/Fax_iOS_2-1008x2048.webp 1008w, https:\/\/comfax.com\/wp-content\/uploads\/2024\/12\/Fax_iOS_2.webp 1064w\" sizes=\"auto, (max-width: 504px) 100vw, 504px\" \/><\/figure>why online<h2 class=\"wp-block-heading\">Warum sollten Sie einen Online-Faxdienst nutzen?<\/h2>As you can see, there are so many ways to use an online fax service, whether it\u2019s a mobile app, web, or email. You might be wondering \u2013 why not just keep it old school and get a fax machine?<br\/><br\/>It\u2019s true that fax machines are still widely used across the US, helping people and businesses send important information every day. However, most people are finding huge benefits from moving to online faxing for a number of reasons.<h2 class=\"wp-block-heading\">Jetzt mit dem Faxen beginnen<\/h2>To start faxing without a fax machine today, download our free iPhone or Android app to start faxing today! Enjoy unlimited faxes, a personalized fax number, global access, and seamless digital integration.<div class=\"wp-block-buttons is-layout-flex wp-block-buttons-is-layout-flex\"><div class=\"wp-block-button\"><a class=\"wp-block-button__link\">App Store<\/a><\/div><\/div><div class=\"wp-block-buttons is-layout-flex wp-block-buttons-is-layout-flex\"><div class=\"wp-block-button\"><a class=\"wp-block-button__link\">Google Play<\/a><\/div><\/div><figure class=\"wp-block-image size-full\"><img loading=\"lazy\" decoding=\"async\" width=\"301\" height=\"300\" src=\"https:\/\/comfax.com\/wp-content\/uploads\/2025\/02\/popup_qr_code-2.webp\" alt=\"\" class=\"wp-image-4266\" srcset=\"https:\/\/comfax.com\/wp-content\/uploads\/2025\/02\/popup_qr_code-2.webp 301w, https:\/\/comfax.com\/wp-content\/uploads\/2025\/02\/popup_qr_code-2-150x150.webp 150w\" sizes=\"auto, (max-width: 301px) 100vw, 301px\" \/><\/figure><h2 class=\"wp-block-heading\">Jetzt mit dem Faxen beginnen<\/h2>To start faxing without a fax machine today, download our free iPhone or Android app to start faxing today! Enjoy unlimited faxes, a personalized fax number, global access, and seamless digital integration.<div class=\"wp-block-buttons is-layout-flex wp-block-buttons-is-layout-flex\"><div class=\"wp-block-button\"><a class=\"wp-block-button__link\">App Store<\/a><\/div><\/div><div class=\"wp-block-buttons is-layout-flex wp-block-buttons-is-layout-flex\"><div class=\"wp-block-button\"><a class=\"wp-block-button__link\">Google Play<\/a><\/div><\/div><figure class=\"wp-block-image size-full\"><img loading=\"lazy\" decoding=\"async\" width=\"1080\" height=\"1080\" src=\"https:\/\/comfax.com\/wp-content\/uploads\/2024\/12\/cta.webp\" alt=\"\" class=\"wp-image-2676\" srcset=\"https:\/\/comfax.com\/wp-content\/uploads\/2024\/12\/cta.webp 1080w, https:\/\/comfax.com\/wp-content\/uploads\/2024\/12\/cta-300x300.webp 300w, https:\/\/comfax.com\/wp-content\/uploads\/2024\/12\/cta-1024x1024.webp 1024w, https:\/\/comfax.com\/wp-content\/uploads\/2024\/12\/cta-150x150.webp 150w, https:\/\/comfax.com\/wp-content\/uploads\/2024\/12\/cta-768x768.webp 768w\" sizes=\"auto, (max-width: 1080px) 100vw, 1080px\" \/><\/figure>Click The Steps Button","protected":false},"excerpt":{"rendered":"<p>So faxen Sie ohne Faxger\u00e4t Ditch the outdated fax machine! With our online fax app, you can send and receive faxes instantly from anywhere\u2014all you need is an internet connection. Whether it\u2019s sending secure documents, signing and faxing forms, or connecting globally without high charges, we\u2019ve got you covered. Start faxing smarter today!Download App:Send Faxes [&hellip;]<\/p>\n","protected":false},"author":3,"featured_media":0,"parent":0,"menu_order":0,"comment_status":"closed","ping_status":"closed","template":"","meta":{"_acf_changed":false,"footnotes":""},"class_list":["post-6332","page","type-page","status-publish","hentry"],"acf":[],"_links":{"self":[{"href":"https:\/\/comfax.com\/de\/wp-json\/wp\/v2\/pages\/6332","targetHints":{"allow":["GET"]}}],"collection":[{"href":"https:\/\/comfax.com\/de\/wp-json\/wp\/v2\/pages"}],"about":[{"href":"https:\/\/comfax.com\/de\/wp-json\/wp\/v2\/types\/page"}],"author":[{"embeddable":true,"href":"https:\/\/comfax.com\/de\/wp-json\/wp\/v2\/users\/3"}],"replies":[{"embeddable":true,"href":"https:\/\/comfax.com\/de\/wp-json\/wp\/v2\/comments?post=6332"}],"version-history":[{"count":2,"href":"https:\/\/comfax.com\/de\/wp-json\/wp\/v2\/pages\/6332\/revisions"}],"predecessor-version":[{"id":6334,"href":"https:\/\/comfax.com\/de\/wp-json\/wp\/v2\/pages\/6332\/revisions\/6334"}],"wp:attachment":[{"href":"https:\/\/comfax.com\/de\/wp-json\/wp\/v2\/media?parent=6332"}],"curies":[{"name":"wp","href":"https:\/\/api.w.org\/{rel}","templated":true}]}}