{"id":6355,"date":"2025-11-07T12:53:26","date_gmt":"2025-11-07T12:53:26","guid":{"rendered":"https:\/\/comfax.com\/?page_id=6355"},"modified":"2025-11-07T12:53:26","modified_gmt":"2025-11-07T12:53:26","slug":"iphone-fax-app","status":"publish","type":"page","link":"https:\/\/comfax.com\/de\/iphone-fax-app\/","title":{"rendered":"iPhone Fax App"},"content":{"rendered":"<h1 class=\"wp-block-heading\">iPhone Fax App \u2014 Schnell, zuverl\u00e4ssig und sicher <\/h1>Municorn iPhone Fax App is our best-rated fax solution, trusted by millions of people in the United States over the years.<div class=\"wp-block-buttons is-layout-flex wp-block-buttons-is-layout-flex\"><div class=\"wp-block-button\"><a class=\"wp-block-button__link\">App Store<\/a><\/div><\/div>Download App:<figure class=\"wp-block-image size-full\"><img loading=\"lazy\" decoding=\"async\" width=\"1000\" height=\"1200\" src=\"https:\/\/comfax.com\/wp-content\/uploads\/2024\/12\/hero-landing-page-1.webp\" alt=\"\" class=\"wp-image-1453\" srcset=\"https:\/\/comfax.com\/wp-content\/uploads\/2024\/12\/hero-landing-page-1.webp 1000w, https:\/\/comfax.com\/wp-content\/uploads\/2024\/12\/hero-landing-page-1-250x300.webp 250w, https:\/\/comfax.com\/wp-content\/uploads\/2024\/12\/hero-landing-page-1-853x1024.webp 853w, https:\/\/comfax.com\/wp-content\/uploads\/2024\/12\/hero-landing-page-1-768x922.webp 768w\" sizes=\"auto, (max-width: 1000px) 100vw, 1000px\" \/><\/figure><h2 class=\"wp-block-heading\">Hauptfunktionen der iPhone Fax App<\/h2>Send &#038; Receive FaxesPowerful TrackingScan and Fax With iPhone<h3 class=\"wp-block-heading\">Senden und Empfangen Sie Faxe auf Ihrem Handy<\/h3><p data-pm-slice=\"1 1 []\">Nutzen Sie Ihr iPhone als pers\u00f6nliches Faxger\u00e4t, das immer griffbereit ist. Sie k\u00f6nnen innerhalb weniger Minuten ein Fax direkt von Ihrem Ger\u00e4t aus versenden. Es ist keine zus\u00e4tzliche Hardware oder Software erforderlich; Sie ben\u00f6tigen lediglich eine Internetverbindung. Es ist so einfach wie eine E-Mail zu versenden, das versprechen wir Ihnen.   <\/p>\n<p>Faxe zu empfangen ist auch ganz einfach: Sie m\u00fcssen lediglich die lokale Faxnummer angeben, die in jedem FAX App-Abonnement enthalten ist, und auf den Eingang des Faxes in Ihrem Posteingang warten. So einfach ist das! <\/p><div class=\"wp-block-buttons is-layout-flex wp-block-buttons-is-layout-flex\"><div class=\"wp-block-button\"><a class=\"wp-block-button__link\">Jetzt herunterladen:<\/a><\/div><\/div><figure class=\"wp-block-video\"><video height=\"782\" style=\"aspect-ratio: 440 \/ 782;\" width=\"440\" controls=\"\" src=\"https:\/\/comfax.com\/wp-content\/uploads\/2024\/11\/Send-Receive-Faxes-on-your-Phone.mp4\"><\/video><\/figure><figure class=\"wp-block-image size-full\"><img loading=\"lazy\" decoding=\"async\" width=\"402\" height=\"334\" src=\"https:\/\/comfax.com\/wp-content\/uploads\/2024\/11\/Group-164564.png\" alt=\"\" class=\"wp-image-273\" srcset=\"https:\/\/comfax.com\/wp-content\/uploads\/2024\/11\/Group-164564.png 402w, https:\/\/comfax.com\/wp-content\/uploads\/2024\/11\/Group-164564-300x249.png 300w\" sizes=\"auto, (max-width: 402px) 100vw, 402px\" \/><\/figure><h3 class=\"wp-block-heading\">Verfolgen Sie gesendete Faxe in der App<\/h3><p><!-- wp:Array \/--><\/p>\n<div class=\"wp-block-buttons is-layout-flex wp-block-buttons-is-layout-flex\"><div class=\"wp-block-button\"><a class=\"wp-block-button__link\">Jetzt herunterladen:<\/a><\/div><\/div><figure class=\"wp-block-video\"><video height=\"782\" style=\"aspect-ratio: 440 \/ 782;\" width=\"440\" controls=\"\" src=\"https:\/\/comfax.com\/wp-content\/uploads\/2024\/11\/Precision-Tracking.mp4\"><\/video><\/figure><figure class=\"wp-block-image size-full\"><img loading=\"lazy\" decoding=\"async\" width=\"402\" height=\"334\" src=\"https:\/\/comfax.com\/wp-content\/uploads\/2024\/11\/Group-164564.png\" alt=\"\" class=\"wp-image-273\" srcset=\"https:\/\/comfax.com\/wp-content\/uploads\/2024\/11\/Group-164564.png 402w, https:\/\/comfax.com\/wp-content\/uploads\/2024\/11\/Group-164564-300x249.png 300w\" sizes=\"auto, (max-width: 402px) 100vw, 402px\" \/><\/figure><h3 class=\"wp-block-heading\">Scanner-Funktionen enthalten <\/h3><p><!-- wp:Array \/--><\/p>\n<div class=\"wp-block-buttons is-layout-flex wp-block-buttons-is-layout-flex\"><div class=\"wp-block-button\"><a class=\"wp-block-button__link\">Jetzt herunterladen:<\/a><\/div><\/div><figure class=\"wp-block-video\"><video height=\"782\" style=\"aspect-ratio: 440 \/ 782;\" width=\"440\" controls=\"\" src=\"https:\/\/comfax.com\/wp-content\/uploads\/2024\/11\/Update-Documents-440x782-.mp4\"><\/video><\/figure><figure class=\"wp-block-image size-full\"><img loading=\"lazy\" decoding=\"async\" width=\"402\" height=\"334\" src=\"https:\/\/comfax.com\/wp-content\/uploads\/2024\/11\/Group-164564.png\" alt=\"\" class=\"wp-image-273\" srcset=\"https:\/\/comfax.com\/wp-content\/uploads\/2024\/11\/Group-164564.png 402w, https:\/\/comfax.com\/wp-content\/uploads\/2024\/11\/Group-164564-300x249.png 300w\" sizes=\"auto, (max-width: 402px) 100vw, 402px\" \/><\/figure><h2 class=\"wp-block-heading\">Die am besten bewertete mobile Fax-App-L\u00f6sung<\/h2>App Store <span>Downloads<\/span>Google Play <span>Downloads<\/span>User <span>Reviews<\/span><div class=\"wp-block-buttons is-layout-flex wp-block-buttons-is-layout-flex\"><div class=\"wp-block-button\"><a class=\"wp-block-button__link\">Mit dem Faxen beginnen<\/a><\/div><\/div>Key FeaturesKey Features<h2 class=\"wp-block-heading\">Kontakte speichern und verwalten<\/h2><p><!-- wp:Array \/--><\/p>\n<figure class=\"wp-block-image size-full\"><img loading=\"lazy\" decoding=\"async\" width=\"1000\" height=\"1163\" src=\"https:\/\/comfax.com\/wp-content\/uploads\/2024\/12\/features-img-.webp\" alt=\"\" class=\"wp-image-1708\" srcset=\"https:\/\/comfax.com\/wp-content\/uploads\/2024\/12\/features-img-.webp 1000w, https:\/\/comfax.com\/wp-content\/uploads\/2024\/12\/features-img--258x300.webp 258w, https:\/\/comfax.com\/wp-content\/uploads\/2024\/12\/features-img--880x1024.webp 880w, https:\/\/comfax.com\/wp-content\/uploads\/2024\/12\/features-img--768x893.webp 768w\" sizes=\"auto, (max-width: 1000px) 100vw, 1000px\" \/><\/figure><h2 class=\"wp-block-heading\">Unglaublich funktional<\/h2><section class=\"faxing com-block b1\">\n<div class=\"container container-sm\">\n<div class=\"cont flexible flex-justify-between flex-align-center md-column md-center\">\n<div class=\"rgt\">\n<p data-pm-slice=\"1 1 []\">Die Municorn FAX f\u00fcr iPhone App bietet eine Vielzahl \u00e4u\u00dferst n\u00fctzlicher Funktionen, darunter:<\/p>\n<p>\u00a0<\/p>\n<ul>\n<li>Sending any type of images with your fax<\/li>\n<li>Sending PDF, DOC and HTML files<\/li>\n<li>Combine multiple documents in the app and send them in one fax<\/li>\n<li>Cloud storage support\u2014fax from Google Drive, Dropbox, iCloud and more<\/li>\n<li>Fax Cover Sheet Customization<\/li>\n<\/ul>\n<p>\u00a0<\/p>\n<\/div>\n<\/div>\n<\/div>\n<\/section><figure class=\"wp-block-image size-full\"><img loading=\"lazy\" decoding=\"async\" width=\"2556\" height=\"3239\" src=\"https:\/\/comfax.com\/wp-content\/uploads\/2025\/03\/Fax_for_web_1.png\" alt=\"\" class=\"wp-image-4708\" srcset=\"https:\/\/comfax.com\/wp-content\/uploads\/2025\/03\/Fax_for_web_1.png 2556w, https:\/\/comfax.com\/wp-content\/uploads\/2025\/03\/Fax_for_web_1-237x300.png 237w, https:\/\/comfax.com\/wp-content\/uploads\/2025\/03\/Fax_for_web_1-808x1024.png 808w, https:\/\/comfax.com\/wp-content\/uploads\/2025\/03\/Fax_for_web_1-768x973.png 768w, https:\/\/comfax.com\/wp-content\/uploads\/2025\/03\/Fax_for_web_1-1212x1536.png 1212w, https:\/\/comfax.com\/wp-content\/uploads\/2025\/03\/Fax_for_web_1-1616x2048.png 1616w\" sizes=\"auto, (max-width: 2556px) 100vw, 2556px\" \/><\/figure><div class=\"wp-block-buttons is-layout-flex wp-block-buttons-is-layout-flex\"><div class=\"wp-block-button\"><a class=\"wp-block-button__link\">Mit dem Faxen beginnen<\/a><\/div><\/div><h2 class=\"wp-block-heading\">Verschl\u00fcsselt und sicher gem\u00e4\u00df strengen Branchenstandards <\/h2><p><!-- wp:Array \/--><\/p>\n<div class=\"wp-block-buttons is-layout-flex wp-block-buttons-is-layout-flex\"><div class=\"wp-block-button\"><a class=\"wp-block-button__link\">Mit dem Faxen beginnen<\/a><\/div><\/div><figure class=\"wp-block-image size-full\"><img loading=\"lazy\" decoding=\"async\" width=\"1000\" height=\"1163\" src=\"https:\/\/comfax.com\/wp-content\/uploads\/2024\/12\/features-img-1.webp\" alt=\"\" class=\"wp-image-1709\" srcset=\"https:\/\/comfax.com\/wp-content\/uploads\/2024\/12\/features-img-1.webp 1000w, https:\/\/comfax.com\/wp-content\/uploads\/2024\/12\/features-img-1-258x300.webp 258w, https:\/\/comfax.com\/wp-content\/uploads\/2024\/12\/features-img-1-880x1024.webp 880w, https:\/\/comfax.com\/wp-content\/uploads\/2024\/12\/features-img-1-768x893.webp 768w\" sizes=\"auto, (max-width: 1000px) 100vw, 1000px\" \/><\/figure>why us<h2 class=\"wp-block-heading\">Warum FAX App f\u00fcr iPhone anstelle eines Faxger\u00e4ts?<\/h2>Our testimonials<h2 class=\"wp-block-heading\">Was Kunden \u00fcber uns sagen<br\/><\/h2>Read our App Store &#038; Google Play User ReviewsApp Store UserThis is one of the best apps ever! If you don\u2019t want to buy a fax machine and pay for a landline to connect it to monthly this is the best thing for you! Fax, conveniently right from your phone!App Store UserMake my life so much easier on the go and always have my information at my finger tips Thanks you for this excellent app!!!App Store UserI needed to send an important fax and the process was simple, fast, secure, and I received a confirmation that the fax was successfully received. Yes, it will cost you $10 to subscribe for a week but it\u2019s more convenient and likely cheaper than going to a store to do it. If you need to send an important document and don\u2019t mind spending a few bucks to get it done I highly recommend this app.<div class=\"wp-block-buttons is-layout-flex wp-block-buttons-is-layout-flex\"><div class=\"wp-block-button\"><a class=\"wp-block-button__link\">Lesen Sie unsere Erfahrungsberichte<br\/><\/a><\/div><\/div>App Store UserVery effective for phone and iPad business on-the-go. Maximized my work away from office and home!<div class=\"wp-block-buttons is-layout-flex wp-block-buttons-is-layout-flex\"><div class=\"wp-block-button\"><a class=\"wp-block-button__link\">Lesen Sie unsere Erfahrungsberichte<br\/><\/a><\/div><\/div>FAQs<h2 class=\"wp-block-heading\">H\u00e4ufig gestellte Fragen<br\/><\/h2><figure class=\"wp-block-image size-full\"><img loading=\"lazy\" decoding=\"async\" width=\"1000\" height=\"1300\" src=\"https:\/\/comfax.com\/wp-content\/uploads\/2024\/12\/faqs-im.webp\" alt=\"\" class=\"wp-image-1712\" srcset=\"https:\/\/comfax.com\/wp-content\/uploads\/2024\/12\/faqs-im.webp 1000w, https:\/\/comfax.com\/wp-content\/uploads\/2024\/12\/faqs-im-231x300.webp 231w, https:\/\/comfax.com\/wp-content\/uploads\/2024\/12\/faqs-im-788x1024.webp 788w, https:\/\/comfax.com\/wp-content\/uploads\/2024\/12\/faqs-im-768x998.webp 768w\" sizes=\"auto, (max-width: 1000px) 100vw, 1000px\" \/><\/figure><h2 class=\"wp-block-heading\">Laden Sie unsere App herunter, der \u00fcber 10\u202fMillionen Nutzer vertrauen.<\/h2><div class=\"wp-block-buttons is-layout-flex wp-block-buttons-is-layout-flex\"><div class=\"wp-block-button\"><a class=\"wp-block-button__link\">App Store<\/a><\/div><\/div><div class=\"wp-block-buttons is-layout-flex wp-block-buttons-is-layout-flex\"><div class=\"wp-block-button\"><a class=\"wp-block-button__link\">Google Play<\/a><\/div><\/div>","protected":false},"excerpt":{"rendered":"<p>iPhone Fax App \u2014 Schnell, zuverl\u00e4ssig und sicher Municorn iPhone Fax App is our best-rated fax solution, trusted by millions of people in the United States over the years.Download App: Hauptfunktionen der iPhone Fax App Send &#038; Receive FaxesPowerful TrackingScan and Fax With iPhone Senden und Empfangen Sie Faxe auf Ihrem Handy Nutzen Sie Ihr [&hellip;]<\/p>\n","protected":false},"author":2,"featured_media":0,"parent":0,"menu_order":0,"comment_status":"closed","ping_status":"closed","template":"","meta":{"_acf_changed":false,"footnotes":""},"class_list":["post-6355","page","type-page","status-publish","hentry"],"acf":[],"_links":{"self":[{"href":"https:\/\/comfax.com\/de\/wp-json\/wp\/v2\/pages\/6355","targetHints":{"allow":["GET"]}}],"collection":[{"href":"https:\/\/comfax.com\/de\/wp-json\/wp\/v2\/pages"}],"about":[{"href":"https:\/\/comfax.com\/de\/wp-json\/wp\/v2\/types\/page"}],"author":[{"embeddable":true,"href":"https:\/\/comfax.com\/de\/wp-json\/wp\/v2\/users\/2"}],"replies":[{"embeddable":true,"href":"https:\/\/comfax.com\/de\/wp-json\/wp\/v2\/comments?post=6355"}],"version-history":[{"count":1,"href":"https:\/\/comfax.com\/de\/wp-json\/wp\/v2\/pages\/6355\/revisions"}],"predecessor-version":[{"id":6356,"href":"https:\/\/comfax.com\/de\/wp-json\/wp\/v2\/pages\/6355\/revisions\/6356"}],"wp:attachment":[{"href":"https:\/\/comfax.com\/de\/wp-json\/wp\/v2\/media?parent=6355"}],"curies":[{"name":"wp","href":"https:\/\/api.w.org\/{rel}","templated":true}]}}