{"id":6429,"date":"2025-11-10T11:06:22","date_gmt":"2025-11-10T11:06:22","guid":{"rendered":"https:\/\/comfax.com\/?page_id=6429"},"modified":"2025-11-10T11:06:22","modified_gmt":"2025-11-10T11:06:22","slug":"plans","status":"publish","type":"page","link":"https:\/\/comfax.com\/de\/plans\/","title":{"rendered":"Preise"},"content":{"rendered":"<h1 class=\"wp-block-heading\">Preise<\/h1>our pricing<h2 class=\"wp-block-heading\">Unbegrenzte Fax-Tarife<\/h2>Choose a Fax App plan that suits your needs best. All of our plans come with premium features.<ul class=\"wp-block-list\"><li><p class=\"et_pb_module_header\">Kostenlose lokale Faxnummer<\/p><\/li><li><p class=\"et_pb_module_header\">Internationales Faxen in 90+ L\u00e4nder<\/p><\/li><li><p class=\"et_pb_module_header\">Unterst\u00fctzung f\u00fcr PDF-, DOC- und HTML-Dateien<\/p><\/li><li><p class=\"et_pb_module_header\">Integrierter Dokumentenscanner<\/p><\/li><li><p class=\"et_pb_module_header\">Faxen von Bildern in JPG, PNG &amp; TIFF<\/p><\/li><li><p class=\"et_pb_module_header\">Importiere Dokumente aus der Cloud<\/p><\/li><li><p class=\"et_pb_module_header\">Unterst\u00fctzung f\u00fcr Dropbox, iCloud, Google Drive<\/p><\/li><li><p class=\"et_pb_module_header\">Mehrere Dokumente zusammenf\u00fcgen<\/p><\/li><li><p class=\"et_pb_module_header\">Unterst\u00fctzung f\u00fcr Android, iPhone, iPad, Mac<\/p><\/li><li><p class=\"et_pb_module_header\">Leistungsstarke Tracking-Funktion in der App<\/p><\/li><li><p class=\"et_pb_module_header\">24\/7 Live-Support<\/p><\/li><li><p class=\"et_pb_module_header\">Tool zum Erstellen von Deckbl\u00e4ttern<\/p><\/li><li><p class=\"et_pb_module_header\">Unbegrenzt Seiten senden<\/p><\/li><li><p class=\"et_pb_module_header\">Unbegrenzt Seiten empfangen<\/p><\/li><\/ul>$9.99$249.99$29.99<div class=\"wp-block-buttons is-layout-flex wp-block-buttons-is-layout-flex\"><div class=\"wp-block-button\"><a class=\"wp-block-button__link\">Jetzt mit dem Faxen beginnen<\/a><\/div><\/div>","protected":false},"excerpt":{"rendered":"<p>Preise our pricing Unbegrenzte Fax-Tarife Choose a Fax App plan that suits your needs best. All of our plans come with premium features. Kostenlose lokale Faxnummer Internationales Faxen in 90+ L\u00e4nder Unterst\u00fctzung f\u00fcr PDF-, DOC- und HTML-Dateien Integrierter Dokumentenscanner Faxen von Bildern in JPG, PNG &amp; TIFF Importiere Dokumente aus der Cloud Unterst\u00fctzung f\u00fcr Dropbox, [&hellip;]<\/p>\n","protected":false},"author":2,"featured_media":0,"parent":0,"menu_order":0,"comment_status":"closed","ping_status":"closed","template":"","meta":{"_acf_changed":false,"footnotes":""},"class_list":["post-6429","page","type-page","status-publish","hentry"],"acf":[],"_links":{"self":[{"href":"https:\/\/comfax.com\/de\/wp-json\/wp\/v2\/pages\/6429","targetHints":{"allow":["GET"]}}],"collection":[{"href":"https:\/\/comfax.com\/de\/wp-json\/wp\/v2\/pages"}],"about":[{"href":"https:\/\/comfax.com\/de\/wp-json\/wp\/v2\/types\/page"}],"author":[{"embeddable":true,"href":"https:\/\/comfax.com\/de\/wp-json\/wp\/v2\/users\/2"}],"replies":[{"embeddable":true,"href":"https:\/\/comfax.com\/de\/wp-json\/wp\/v2\/comments?post=6429"}],"version-history":[{"count":1,"href":"https:\/\/comfax.com\/de\/wp-json\/wp\/v2\/pages\/6429\/revisions"}],"predecessor-version":[{"id":6430,"href":"https:\/\/comfax.com\/de\/wp-json\/wp\/v2\/pages\/6429\/revisions\/6430"}],"wp:attachment":[{"href":"https:\/\/comfax.com\/de\/wp-json\/wp\/v2\/media?parent=6429"}],"curies":[{"name":"wp","href":"https:\/\/api.w.org\/{rel}","templated":true}]}}