{"id":6861,"date":"2025-12-01T10:04:42","date_gmt":"2025-12-01T10:04:42","guid":{"rendered":"https:\/\/comfax.com\/?page_id=6861"},"modified":"2025-12-01T10:04:42","modified_gmt":"2025-12-01T10:04:42","slug":"fax-without-fax-machine","status":"publish","type":"page","link":"https:\/\/comfax.com\/es\/fax-without-fax-machine\/","title":{"rendered":"C\u00f3mo enviar faxes sin una m\u00e1quina de fax"},"content":{"rendered":"<figure class=\"wp-block-image size-full\"><img loading=\"lazy\" decoding=\"async\" width=\"2556\" height=\"3239\" src=\"https:\/\/comfax.com\/wp-content\/smush-webp\/2025\/03\/Fax_for_web_1.png.webp\" alt=\"\" class=\"wp-image-4708\" srcset=\"https:\/\/comfax.com\/wp-content\/smush-webp\/2025\/03\/Fax_for_web_1.png.webp 2556w, https:\/\/comfax.com\/wp-content\/smush-webp\/2025\/03\/Fax_for_web_1-237x300.png.webp 237w, https:\/\/comfax.com\/wp-content\/smush-webp\/2025\/03\/Fax_for_web_1-808x1024.png.webp 808w, https:\/\/comfax.com\/wp-content\/smush-webp\/2025\/03\/Fax_for_web_1-768x973.png.webp 768w, https:\/\/comfax.com\/wp-content\/smush-webp\/2025\/03\/Fax_for_web_1-1212x1536.png.webp 1212w, https:\/\/comfax.com\/wp-content\/smush-webp\/2025\/03\/Fax_for_web_1-1616x2048.png.webp 1616w\" sizes=\"auto, (max-width: 2556px) 100vw, 2556px\" \/><\/figure><h1 class=\"wp-block-heading\">C\u00f3mo enviar faxes sin una m\u00e1quina de fax<\/h1>Ditch the outdated fax machine! With our online fax app, you can send and receive faxes instantly from anywhere\u2014all you need is an internet connection. Whether it\u2019s sending secure documents, signing and faxing forms, or connecting globally without high charges, we\u2019ve got you covered. Start faxing smarter today!Download App:<div class=\"wp-block-buttons is-layout-flex wp-block-buttons-is-layout-flex\"><div class=\"wp-block-button\"><a class=\"wp-block-button__link\">App Store<\/a><\/div><\/div><div class=\"wp-block-buttons is-layout-flex wp-block-buttons-is-layout-flex\"><div class=\"wp-block-button\"><a class=\"wp-block-button__link\">Google Play<\/a><\/div><\/div>Send Faxes Online\u2014Fast, Secure, and Hassle-Free<h2 class=\"wp-block-heading\">Diferentes formas de enviar faxes sin una m\u00e1quina de fax<\/h2>No fax machine? No problem. Here are all the ways you can quickly and easily send a fax without a fax machine.Using Mobile App<h2 class=\"wp-block-heading\">C\u00f3mo enviar faxes con una aplicaci\u00f3n m\u00f3vil<\/h2><p>Sin un fax, la mejor forma de enviar faxes es con tu tel\u00e9fono m\u00f3vil: casi todo el mundo tiene un smartphone en el bolsillo y estos dispositivos est\u00e1n equipados con una tecnolog\u00eda incre\u00edble que las aplicaciones de fax pueden aprovechar al m\u00e1ximo. Con la c\u00e1mara, puedes escanear documentos en alta calidad, preparar f\u00e1cilmente varias <a href=\"https:\/\/comfax.com\/how-to\/fax-cover-sheets\/\">p\u00e1ginas<\/a> y crear una portada, todo ello dentro de la aplicaci\u00f3n. <\/p>\n<p>Con nuestra aplicaci\u00f3n para <a href=\"https:\/\/comfax.com\/android-fax-app\/\">Android<\/a> o <a href=\"https:\/\/comfax.com\/iphone-fax-app\/\">iPhone<\/a>, es muy f\u00e1cil y r\u00e1pido. En pocos minutos puedes configurar tu cuenta y enviar tu primer fax.<\/p><h3 class=\"wp-block-heading\">Paso 4 Introduce el n\u00famero de fax<\/h3><p>En la secci\u00f3n \u00abNuevo fax\u00bb, solo tienes que introducir el n\u00famero de fax del destinatario, a\u00f1adir una portada si quieres y escanear todos los documentos que desees enviar por fax. Tambi\u00e9n puedes a\u00f1adir documentos desde la nube, Google Drive u otros sistemas de terceros. Y lo mejor de todo: \u00a1con nuestra aplicaci\u00f3n puedes enviar por fax un n\u00famero ilimitado de p\u00e1ginas sin coste adicional!  <\/p><h3 class=\"wp-block-heading\">Paso 5 Haz clic en Enviar<\/h3><p>Cuando est\u00e9s listo, haz clic en Enviar. Puedes ver todos los faxes enviados en la aplicaci\u00f3n y obtener un informe de confirmaci\u00f3n para saber que se han entregado. <\/p><h3 class=\"wp-block-heading\">Paso 6<br\/>Accede a la bandeja de entrada para ver los faxes recibidos<br\/><br\/><\/h3><p>\u00bfQuieres ver un fax recibido? Solo tienes que ir a tu bandeja de entrada, donde se almacenan todos los faxes entrantes. Si pierdes tu tel\u00e9fono m\u00f3vil, puedes recuperar todo el historial de tu cuenta y todos los faxes poni\u00e9ndote en contacto con el servicio de atenci\u00f3n al cliente.  <\/p><figure class=\"wp-block-image size-full\"><img loading=\"lazy\" decoding=\"async\" width=\"1040\" height=\"2156\" src=\"https:\/\/comfax.com\/wp-content\/uploads\/2024\/12\/Fax_iOS_4.webp\" alt=\"\" class=\"wp-image-2266\" srcset=\"https:\/\/comfax.com\/wp-content\/uploads\/2024\/12\/Fax_iOS_4.webp 1040w, https:\/\/comfax.com\/wp-content\/uploads\/2024\/12\/Fax_iOS_4-145x300.webp 145w, https:\/\/comfax.com\/wp-content\/uploads\/2024\/12\/Fax_iOS_4-494x1024.webp 494w, https:\/\/comfax.com\/wp-content\/uploads\/2024\/12\/Fax_iOS_4-768x1592.webp 768w, https:\/\/comfax.com\/wp-content\/uploads\/2024\/12\/Fax_iOS_4-741x1536.webp 741w, https:\/\/comfax.com\/wp-content\/uploads\/2024\/12\/Fax_iOS_4-988x2048.webp 988w\" sizes=\"auto, (max-width: 1040px) 100vw, 1040px\" \/><\/figure>Web Faxing<h2 class=\"wp-block-heading\">C\u00f3mo enviar un fax con Webfax<\/h2><p>Adem\u00e1s de las aplicaciones de fax, tambi\u00e9n puedes utilizar el Webfax en tu tel\u00e9fono m\u00f3vil u ordenador. Los servicios de Webfax como nuestro EveryFax son especialmente populares entre las empresas debido a sus funciones, y muchas empresas los utilizan porque permiten enviar faxes directamente desde el ordenador. <\/p>\n<p>Tanto si quieres utilizar el Webfax para fines personales en lugar de una aplicaci\u00f3n m\u00f3vil como si deseas realizar transacciones comerciales, aqu\u00ed te explicamos c\u00f3mo empezar:<\/p><h3 class=\"wp-block-heading\">Paso 1<\/h3>Visit the website and select \u2018Start Faxing\u2019 to get your own account set up.<h3 class=\"wp-block-heading\">Paso 2<\/h3>Choose your fax number \u2013 you can browse codes from all local areas to set up your number in a location that best suits you.<h3 class=\"wp-block-heading\">Paso 3<\/h3>Choose a flexible subscription \u2013 you can choose individual plans or team plans for a small or large business, depending on the scale you need.<h3 class=\"wp-block-heading\">Descargar la aplicaci\u00f3n<\/h3><p>Descarga la aplicaci\u00f3n de fax con tu dispositivo m\u00f3vil iOS o Android.<\/p><h3 class=\"wp-block-heading\">Consigue tu propio n\u00famero de fax<\/h3><p>Sigue las sencillas instrucciones de la aplicaci\u00f3n para configurar tu propio n\u00famero de fax con el prefijo que desees. A continuaci\u00f3n, podr\u00e1s enviar y recibir faxes de inmediato.<\/p><h3 class=\"wp-block-heading\">Elige tu plan<\/h3><p>Elige una suscripci\u00f3n flexible que se adapte a tus necesidades: es mucho m\u00e1s barato que un fax y puedes cancelarlo en cualquier momento.<\/p><h3 class=\"wp-block-heading\">Paso 4<\/h3>Once you\u2019re all set, just click on \u2018Send New Fax\u2019 to begin a new fax message. Use the \u2018add document\u2019 option to attach any pages, and use the website\u2019s various cover sheet options to customize your fax.<h3 class=\"wp-block-heading\">Paso 5<\/h3>Click send when you are ready \u2013 you will get a confirmation message when the fax is delivered.<h3 class=\"wp-block-heading\">Paso 6<\/h3>Similarly to mobile apps, you can view sent and received faxes from your account, which is backed up in the cloud in case you lose your device!<h3 class=\"wp-block-heading\">Paso 1<\/h3>Visit EveryFax and, similar to web faxing, set up your account and get your fax number.Using Email<h2 class=\"wp-block-heading\">C\u00f3mo enviar un fax por correo electr\u00f3nico<\/h2><p>Tambi\u00e9n puedes enviar un fax directamente desde tu cuenta de correo electr\u00f3nico utilizando el software de correo electr\u00f3nico a fax de nuestra plataforma <a href=\"https:\/\/everyfax.com\/email-to-fax\" target=\"_blank\" rel=\"noopener noreferrer\">EveryFax<\/a>. Tampoco necesitas una l\u00ednea telef\u00f3nica y puedes disfrutar de todas las ventajas de un fax convencional, adem\u00e1s de muchas otras funciones, con un ordenador o un dispositivo m\u00f3vil. M\u00e1s informaci\u00f3n  <a href=\"https:\/\/comfax.com\/how-to\/fax-from-email\/\">M\u00e1s informaci\u00f3n<\/a><\/p><figure class=\"wp-block-image size-full\"><img loading=\"lazy\" decoding=\"async\" width=\"960\" height=\"540\" src=\"https:\/\/comfax.com\/wp-content\/smush-webp\/2024\/12\/attach-documents-1.png.webp\" alt=\"\" class=\"wp-image-4002\" srcset=\"https:\/\/comfax.com\/wp-content\/smush-webp\/2024\/12\/attach-documents-1.png.webp 960w, https:\/\/comfax.com\/wp-content\/smush-webp\/2024\/12\/attach-documents-1-300x169.png.webp 300w, https:\/\/comfax.com\/wp-content\/smush-webp\/2024\/12\/attach-documents-1-768x432.png.webp 768w\" sizes=\"auto, (max-width: 960px) 100vw, 960px\" \/><\/figure><h3 class=\"wp-block-heading\">Paso 3<\/h3>Attach any documents you want to fax \u2013 you can include over 60 different file formats which are compatible!<figure class=\"wp-block-image size-full\"><img loading=\"lazy\" decoding=\"async\" width=\"960\" height=\"540\" src=\"https:\/\/comfax.com\/wp-content\/smush-webp\/2024\/12\/enter-fax-number-email.png.webp\" alt=\"\" class=\"wp-image-4003\" srcset=\"https:\/\/comfax.com\/wp-content\/smush-webp\/2024\/12\/enter-fax-number-email.png.webp 960w, https:\/\/comfax.com\/wp-content\/smush-webp\/2024\/12\/enter-fax-number-email-300x169.png.webp 300w, https:\/\/comfax.com\/wp-content\/smush-webp\/2024\/12\/enter-fax-number-email-768x432.png.webp 768w\" sizes=\"auto, (max-width: 960px) 100vw, 960px\" \/><\/figure><h3 class=\"wp-block-heading\">Paso 2<\/h3>Visit your email account once you are set up, and start a new message. Simply write the recipient\u2019s fax number in the sender\u2019s address, and then add \u201c@send.everyfax.com\u201d at the end of the number.<figure class=\"wp-block-image size-full\"><img loading=\"lazy\" decoding=\"async\" width=\"960\" height=\"540\" src=\"https:\/\/comfax.com\/wp-content\/smush-webp\/2024\/12\/click-send-email.png.webp\" alt=\"\" class=\"wp-image-4004\" srcset=\"https:\/\/comfax.com\/wp-content\/smush-webp\/2024\/12\/click-send-email.png.webp 960w, https:\/\/comfax.com\/wp-content\/smush-webp\/2024\/12\/click-send-email-300x169.png.webp 300w, https:\/\/comfax.com\/wp-content\/smush-webp\/2024\/12\/click-send-email-768x432.png.webp 768w\" sizes=\"auto, (max-width: 960px) 100vw, 960px\" \/><\/figure><h3 class=\"wp-block-heading\">Paso 4<\/h3>Just click send, and EveryFax will handle the rest. You will receive a fax confirmation report once the message is delivered, and view your fax history on the web portal.<figure class=\"wp-block-image size-full\"><img loading=\"lazy\" decoding=\"async\" width=\"960\" height=\"540\" src=\"https:\/\/comfax.com\/wp-content\/smush-webp\/2024\/12\/email-inbox.png.webp\" alt=\"\" class=\"wp-image-4005\" srcset=\"https:\/\/comfax.com\/wp-content\/smush-webp\/2024\/12\/email-inbox.png.webp 960w, https:\/\/comfax.com\/wp-content\/smush-webp\/2024\/12\/email-inbox-300x169.png.webp 300w, https:\/\/comfax.com\/wp-content\/smush-webp\/2024\/12\/email-inbox-768x432.png.webp 768w\" sizes=\"auto, (max-width: 960px) 100vw, 960px\" \/><\/figure><figure class=\"wp-block-embed-youtube wp-block-embed is-type-video is-provider-youtube\"><div class=\"wp-block-embed__wrapper\">https:\/\/www.youtube.com\/watch?v=1gHMn5OLx5o<\/div><\/figure><h2 class=\"wp-block-heading\">\u00bfQu\u00e9 tan seguro es el fax online?<\/h2><p>El fax se considera muy seguro: la seguridad es una de las principales razones por las que se utiliza tanto en el sector sanitario, jur\u00eddico, financiero y administrativo. Entonces, \u00bflos faxes online ofrecen el mismo nivel de seguridad? <\/p>\n<p>La respuesta corta es s\u00ed. El fax online ofrece todas las ventajas de seguridad de los faxes tradicionales y es mucho menos vulnerable a los ciberataques que un servidor de correo electr\u00f3nico. Nuestra aplicaci\u00f3n de fax y nuestros servicios de fax online van un paso m\u00e1s all\u00e1 y cifran tus datos con protecci\u00f3n AES de 256 bits y SSL para las transmisiones.  <\/p>\n<p>Si eliges el proveedor de servicios adecuado, no solo ser\u00e1s m\u00e1s seguro, sino que tambi\u00e9n obtendr\u00e1s toda la protecci\u00f3n legal: por ejemplo, tus datos m\u00e9dicos disfrutar\u00e1n de una mayor protecci\u00f3n legal si los env\u00edas a trav\u00e9s de un servicio de fax que cumpla con la HIPAA, como el nuestro.<\/p><figure class=\"wp-block-image size-full\"><img loading=\"lazy\" decoding=\"async\" width=\"2858\" height=\"3540\" src=\"https:\/\/comfax.com\/wp-content\/smush-webp\/2025\/03\/Fax_for_web2-1.png.webp\" alt=\"\" class=\"wp-image-4709\" srcset=\"https:\/\/comfax.com\/wp-content\/smush-webp\/2025\/03\/Fax_for_web2-1.png.webp 2858w, https:\/\/comfax.com\/wp-content\/smush-webp\/2025\/03\/Fax_for_web2-1-242x300.png.webp 242w, https:\/\/comfax.com\/wp-content\/smush-webp\/2025\/03\/Fax_for_web2-1-827x1024.png.webp 827w, https:\/\/comfax.com\/wp-content\/smush-webp\/2025\/03\/Fax_for_web2-1-768x951.png.webp 768w, https:\/\/comfax.com\/wp-content\/smush-webp\/2025\/03\/Fax_for_web2-1-1240x1536.png.webp 1240w, https:\/\/comfax.com\/wp-content\/smush-webp\/2025\/03\/Fax_for_web2-1-1653x2048.png.webp 1653w\" sizes=\"auto, (max-width: 2858px) 100vw, 2858px\" \/><\/figure><h2 class=\"wp-block-heading\">C\u00f3mo recibir faxes sin una m\u00e1quina de fax<\/h2><h2 class=\"wp-block-heading\">C\u00f3mo recibir faxes sin una m\u00e1quina de fax<\/h2>No fax machine? No problem! With our app, you can send and receive faxes straight from your phone\u2014completely free. Plus, here\u2019s the coolest part: you get to <a href=\"https:\/\/comfax.com\/get-fax-number-online\/\">pick your own fax number<\/a> with any area code you want.<figure class=\"wp-block-image size-large\"><img loading=\"lazy\" decoding=\"async\" width=\"504\" height=\"1024\" src=\"https:\/\/comfax.com\/wp-content\/uploads\/2024\/12\/Fax_iOS_3-504x1024.webp\" alt=\"\" class=\"wp-image-2265\" srcset=\"https:\/\/comfax.com\/wp-content\/uploads\/2024\/12\/Fax_iOS_3-504x1024.webp 504w, https:\/\/comfax.com\/wp-content\/uploads\/2024\/12\/Fax_iOS_3-148x300.webp 148w, https:\/\/comfax.com\/wp-content\/uploads\/2024\/12\/Fax_iOS_3-768x1560.webp 768w, https:\/\/comfax.com\/wp-content\/uploads\/2024\/12\/Fax_iOS_3-756x1536.webp 756w, https:\/\/comfax.com\/wp-content\/uploads\/2024\/12\/Fax_iOS_3-1008x2048.webp 1008w, https:\/\/comfax.com\/wp-content\/uploads\/2024\/12\/Fax_iOS_3.webp 1064w\" sizes=\"auto, (max-width: 504px) 100vw, 504px\" \/><\/figure><figure class=\"wp-block-image size-large\"><img loading=\"lazy\" decoding=\"async\" width=\"504\" height=\"1024\" src=\"https:\/\/comfax.com\/wp-content\/uploads\/2024\/12\/Fax_iOS_2-504x1024.webp\" alt=\"\" class=\"wp-image-2268\" srcset=\"https:\/\/comfax.com\/wp-content\/uploads\/2024\/12\/Fax_iOS_2-504x1024.webp 504w, https:\/\/comfax.com\/wp-content\/uploads\/2024\/12\/Fax_iOS_2-148x300.webp 148w, https:\/\/comfax.com\/wp-content\/uploads\/2024\/12\/Fax_iOS_2-768x1560.webp 768w, https:\/\/comfax.com\/wp-content\/uploads\/2024\/12\/Fax_iOS_2-756x1536.webp 756w, https:\/\/comfax.com\/wp-content\/uploads\/2024\/12\/Fax_iOS_2-1008x2048.webp 1008w, https:\/\/comfax.com\/wp-content\/uploads\/2024\/12\/Fax_iOS_2.webp 1064w\" sizes=\"auto, (max-width: 504px) 100vw, 504px\" \/><\/figure>why online<h2 class=\"wp-block-heading\">\u00bfPor qu\u00e9 deber\u00eda utilizar un servicio de fax online?<\/h2>As you can see, there are so many ways to use an online fax service, whether it\u2019s a mobile app, web, or email. You might be wondering \u2013 why not just keep it old school and get a fax machine?<br\/><br\/>It\u2019s true that fax machines are still widely used across the US, helping people and businesses send important information every day. However, most people are finding huge benefits from moving to online faxing for a number of reasons.<h2 class=\"wp-block-heading\">Empieza a enviar faxes ahora<\/h2>To start faxing without a fax machine today, download our free iPhone or Android app to start faxing today! Enjoy unlimited faxes, a personalized fax number, global access, and seamless digital integration.<div class=\"wp-block-buttons is-layout-flex wp-block-buttons-is-layout-flex\"><div class=\"wp-block-button\"><a class=\"wp-block-button__link\">App Store<\/a><\/div><\/div><div class=\"wp-block-buttons is-layout-flex wp-block-buttons-is-layout-flex\"><div class=\"wp-block-button\"><a class=\"wp-block-button__link\">Google Play<\/a><\/div><\/div><figure class=\"wp-block-image size-full\"><img loading=\"lazy\" decoding=\"async\" width=\"301\" height=\"300\" src=\"https:\/\/comfax.com\/wp-content\/uploads\/2025\/02\/popup_qr_code-2.webp\" alt=\"\" class=\"wp-image-4266\" srcset=\"https:\/\/comfax.com\/wp-content\/uploads\/2025\/02\/popup_qr_code-2.webp 301w, https:\/\/comfax.com\/wp-content\/uploads\/2025\/02\/popup_qr_code-2-150x150.webp 150w\" sizes=\"auto, (max-width: 301px) 100vw, 301px\" \/><\/figure><h2 class=\"wp-block-heading\">Empieza a enviar faxes ahora<\/h2>To start faxing without a fax machine today, download our free iPhone or Android app to start faxing today! Enjoy unlimited faxes, a personalized fax number, global access, and seamless digital integration.<div class=\"wp-block-buttons is-layout-flex wp-block-buttons-is-layout-flex\"><div class=\"wp-block-button\"><a class=\"wp-block-button__link\">App Store<\/a><\/div><\/div><div class=\"wp-block-buttons is-layout-flex wp-block-buttons-is-layout-flex\"><div class=\"wp-block-button\"><a class=\"wp-block-button__link\">Google Play<\/a><\/div><\/div><figure class=\"wp-block-image size-full\"><img loading=\"lazy\" decoding=\"async\" width=\"1080\" height=\"1080\" src=\"https:\/\/comfax.com\/wp-content\/uploads\/2024\/12\/cta.webp\" alt=\"\" class=\"wp-image-2676\" srcset=\"https:\/\/comfax.com\/wp-content\/uploads\/2024\/12\/cta.webp 1080w, https:\/\/comfax.com\/wp-content\/uploads\/2024\/12\/cta-300x300.webp 300w, https:\/\/comfax.com\/wp-content\/uploads\/2024\/12\/cta-1024x1024.webp 1024w, https:\/\/comfax.com\/wp-content\/uploads\/2024\/12\/cta-150x150.webp 150w, https:\/\/comfax.com\/wp-content\/uploads\/2024\/12\/cta-768x768.webp 768w\" sizes=\"auto, (max-width: 1080px) 100vw, 1080px\" \/><\/figure>Click The Steps Button","protected":false},"excerpt":{"rendered":"<p>C\u00f3mo enviar faxes sin una m\u00e1quina de fax Ditch the outdated fax machine! With our online fax app, you can send and receive faxes instantly from anywhere\u2014all you need is an internet connection. Whether it\u2019s sending secure documents, signing and faxing forms, or connecting globally without high charges, we\u2019ve got you covered. Start faxing smarter [&hellip;]<\/p>\n","protected":false},"author":3,"featured_media":0,"parent":0,"menu_order":0,"comment_status":"closed","ping_status":"closed","template":"","meta":{"_acf_changed":false,"footnotes":""},"class_list":["post-6861","page","type-page","status-publish","hentry"],"acf":[],"_links":{"self":[{"href":"https:\/\/comfax.com\/es\/wp-json\/wp\/v2\/pages\/6861","targetHints":{"allow":["GET"]}}],"collection":[{"href":"https:\/\/comfax.com\/es\/wp-json\/wp\/v2\/pages"}],"about":[{"href":"https:\/\/comfax.com\/es\/wp-json\/wp\/v2\/types\/page"}],"author":[{"embeddable":true,"href":"https:\/\/comfax.com\/es\/wp-json\/wp\/v2\/users\/3"}],"replies":[{"embeddable":true,"href":"https:\/\/comfax.com\/es\/wp-json\/wp\/v2\/comments?post=6861"}],"version-history":[{"count":1,"href":"https:\/\/comfax.com\/es\/wp-json\/wp\/v2\/pages\/6861\/revisions"}],"predecessor-version":[{"id":6862,"href":"https:\/\/comfax.com\/es\/wp-json\/wp\/v2\/pages\/6861\/revisions\/6862"}],"wp:attachment":[{"href":"https:\/\/comfax.com\/es\/wp-json\/wp\/v2\/media?parent=6861"}],"curies":[{"name":"wp","href":"https:\/\/api.w.org\/{rel}","templated":true}]}}