{"id":6890,"date":"2025-12-01T10:41:53","date_gmt":"2025-12-01T10:41:53","guid":{"rendered":"https:\/\/comfax.com\/?page_id=6890"},"modified":"2025-12-22T10:03:59","modified_gmt":"2025-12-22T10:03:59","slug":"fax-cerca-de-mi","status":"publish","type":"page","link":"https:\/\/comfax.com\/es\/fax-cerca-de-mi\/","title":{"rendered":"Fax cerca de m\u00ed"},"content":{"rendered":"<h1 class=\"wp-block-heading\">\u00bfD\u00f3nde puedo enviar un fax?<\/h1>If you are searching for &#8216;fax services near me,&#8217; you likely need to send a document immediately.<br\/>\n\nIn most U.S. cities and towns, public fax machines are available at <strong>The UPS Store, FedEx Office, and Staples<\/strong>. Most charge between <strong>$1.50 \u2013 $3.00 per page<\/strong>. Below is a comparison of every major fax service provider near you.<div class=\"wp-block-buttons is-layout-flex wp-block-buttons-is-layout-flex\"><div class=\"wp-block-button\"><a class=\"wp-block-button__link\">Comparar todas las opciones<\/a><\/div><\/div><div class=\"wp-block-buttons is-layout-flex wp-block-buttons-is-layout-flex\"><div class=\"wp-block-button\"><a class=\"wp-block-button__link\">Enviar un fax ahora<\/a><\/div><\/div><figure class=\"wp-block-image size-full\"><img loading=\"lazy\" decoding=\"async\" width=\"1024\" height=\"1024\" src=\"https:\/\/comfax.com\/wp-content\/uploads\/2025\/06\/fax-near-me-featured.png\" alt=\"\" class=\"wp-image-5324\" srcset=\"https:\/\/comfax.com\/wp-content\/uploads\/2025\/06\/fax-near-me-featured.png 1024w, https:\/\/comfax.com\/wp-content\/uploads\/2025\/06\/fax-near-me-featured-300x300.png 300w, https:\/\/comfax.com\/wp-content\/uploads\/2025\/06\/fax-near-me-featured-150x150.png 150w, https:\/\/comfax.com\/wp-content\/uploads\/2025\/06\/fax-near-me-featured-768x768.png 768w\" sizes=\"auto, (max-width: 1024px) 100vw, 1024px\" \/><\/figure>Places to Fax At<h2 class=\"wp-block-heading\">Los 6 mejores lugares para encontrar una m\u00e1quina de fax p\u00fablica<\/h2>These options are available in most metropolitan areas and many smaller towns across the U.S. However, services and pricing may differ by city, so calling ahead is always recommended.<span>In-Store<\/span> Average price per page:$1.55<span>Fax App<\/span> Average price per page:$0.33<span>savings from using fax app:<\/span><span>$1.22<\/span>\u00a0CheaperOnline Faxing vs\u00a0Local Brick and Mortar Options<h2 class=\"wp-block-heading\">El env\u00edo de faxes online es una opci\u00f3n m\u00e1s asequible<\/h2><em>*Effective per-page cost depends on usage volume when using subscription-based services.<\/em>Process<h2 class=\"wp-block-heading\">C\u00f3mo utilizar los servicios de fax en l\u00ednea<\/h2>FAQs<h2 class=\"wp-block-heading\">Preguntas frecuentes<br\/><\/h2><h2 class=\"wp-block-heading\">Empieza a enviar faxes ahora<\/h2>Municorn Fax is a flexible fixed cost unlimited faxing option for your smartphone and Mac computer that will save you a trip to a local store<div class=\"wp-block-buttons is-layout-flex wp-block-buttons-is-layout-flex\"><div class=\"wp-block-button\"><a class=\"wp-block-button__link\">App Store<\/a><\/div><\/div><div class=\"wp-block-buttons is-layout-flex wp-block-buttons-is-layout-flex\"><div class=\"wp-block-button\"><a class=\"wp-block-button__link\">Google Play<\/a><\/div><\/div><figure class=\"wp-block-image size-full\"><img loading=\"lazy\" decoding=\"async\" width=\"1487\" height=\"1024\" src=\"https:\/\/comfax.com\/wp-content\/uploads\/2025\/06\/cta-fax-app-universal-image-phones-with-apps.png\" alt=\"\" class=\"wp-image-5322\" srcset=\"https:\/\/comfax.com\/wp-content\/uploads\/2025\/06\/cta-fax-app-universal-image-phones-with-apps.png 1487w, https:\/\/comfax.com\/wp-content\/uploads\/2025\/06\/cta-fax-app-universal-image-phones-with-apps-300x207.png 300w, https:\/\/comfax.com\/wp-content\/uploads\/2025\/06\/cta-fax-app-universal-image-phones-with-apps-1024x705.png 1024w, https:\/\/comfax.com\/wp-content\/uploads\/2025\/06\/cta-fax-app-universal-image-phones-with-apps-768x529.png 768w\" sizes=\"auto, (max-width: 1487px) 100vw, 1487px\" \/><\/figure><h2 class=\"wp-block-heading\">\u00bfPor qu\u00e9 enviar faxes online en lugar de m\u00e1quinas p\u00fablicas?<\/h2><p><!-- wp:Array \/--><\/p>\n\n<table id=\"tablepress-2\" class=\"tablepress tablepress-id-2\">\n<thead>\n<tr class=\"row-1\">\n\t<th class=\"column-1\">Service Provider<\/th><th class=\"column-2\">Service Type<\/th><th class=\"column-3\">First Page Cost<\/th><th class=\"column-4\">Additional Page Cost<\/th><th class=\"column-5\">30 Pages Cost<\/th><th class=\"column-6\">Avg Price Per Page<\/th>\n<\/tr>\n<\/thead>\n<tbody class=\"row-striping row-hover\">\n<tr class=\"row-2\">\n\t<td class=\"column-1\"><a href=\"https:\/\/comfax.com\/fax-near-me\/fax-at-ups\/\" title=\"UPS Store\">UPS Store<\/a><\/td><td class=\"column-2\">Physical Store<\/td><td class=\"column-3\">$2<\/td><td class=\"column-4\">$1.50<\/td><td class=\"column-5\">$45.50<\/td><td class=\"column-6\">$1.52<\/td>\n<\/tr>\n<tr class=\"row-3\">\n\t<td class=\"column-1\"><a href=\"https:\/\/comfax.com\/fax-near-me\/fax-at-fedex\/\" title=\"FedEx\">FedEx<\/a><\/td><td class=\"column-2\">Physical Store<\/td><td class=\"column-3\">$2<\/td><td class=\"column-4\">$1.50<\/td><td class=\"column-5\">$45.50<\/td><td class=\"column-6\">$1.52<\/td>\n<\/tr>\n<tr class=\"row-4\">\n\t<td class=\"column-1\"><a href=\"https:\/\/comfax.com\/fax-near-me\/fax-at-staples\/\" title=\"Staples\">Staples<\/a><\/td><td class=\"column-2\">Physical Store<\/td><td class=\"column-3\">$2<\/td><td class=\"column-4\">$2.20<\/td><td class=\"column-5\">$65.80<\/td><td class=\"column-6\">$2.19<\/td>\n<\/tr>\n<tr class=\"row-5\">\n\t<td class=\"column-1\"><a href=\"https:\/\/comfax.com\/fax-near-me\/usps-fax\/\" title=\"USPS\">USPS<\/a><\/td><td class=\"column-2\">Physical Store<\/td><td class=\"column-3\">$1.75<\/td><td class=\"column-4\">$1<\/td><td class=\"column-5\">$30.75<\/td><td class=\"column-6\">$1.03<\/td>\n<\/tr>\n<tr class=\"row-6\">\n\t<td class=\"column-1\"><a href=\"https:\/\/comfax.com\/fax-near-me\/fax-at-office-depot\/\" title=\"Office Depot\/OfficeMax\">Office Depot\/OfficeMax<\/a><\/td><td class=\"column-2\">Physical Store<\/td><td class=\"column-3\">$1.99<\/td><td class=\"column-4\">$1.49<\/td><td class=\"column-5\">$45.20<\/td><td class=\"column-6\">$1.51<\/td>\n<\/tr>\n<tr class=\"row-7\">\n\t<td class=\"column-1\"><a href=\"https:\/\/comfax.com\/\" title=\"Municorn Fax\">Municorn Fax<\/a><\/td><td class=\"column-2\">Online Service<\/td><td class=\"column-3\">Unlimited<\/td><td class=\"column-4\">Unlimited<\/td><td class=\"column-5\">$9.99<\/td><td class=\"column-6\">$9.99 per week*<\/td>\n<\/tr>\n<\/tbody>\n<\/table>\n<!-- #tablepress-2 from cache -->\n<h2 class=\"wp-block-heading\">Compara los costes de env\u00edo de faxes: FedEx, UPS, Staples y online<\/h2>Blogs<h2 class=\"wp-block-heading\">Art\u00edculos \u00fatiles sobre las mejores ubicaciones de fax cerca de m\u00ed<\/h2><div class=\"wp-block-buttons is-layout-flex wp-block-buttons-is-layout-flex\"><div class=\"wp-block-button\"><a class=\"wp-block-button__link\">Leer m\u00e1s art\u00edculos<\/a><\/div><\/div><div class=\"wp-block-buttons is-layout-flex wp-block-buttons-is-layout-flex\"><div class=\"wp-block-button\"><a class=\"wp-block-button__link\">Leer m\u00e1s art\u00edculos<\/a><\/div><\/div><figure class=\"wp-block-image size-full\"><img loading=\"lazy\" decoding=\"async\" width=\"1024\" height=\"768\" src=\"https:\/\/comfax.com\/wp-content\/uploads\/2025\/05\/bar-graph.webp\" alt=\"\" class=\"wp-image-5090\" srcset=\"https:\/\/comfax.com\/wp-content\/uploads\/2025\/05\/bar-graph.webp 1024w, https:\/\/comfax.com\/wp-content\/uploads\/2025\/05\/bar-graph-300x225.webp 300w, https:\/\/comfax.com\/wp-content\/uploads\/2025\/05\/bar-graph-768x576.webp 768w\" sizes=\"auto, (max-width: 1024px) 100vw, 1024px\" \/><\/figure><p><!-- wp:Array \/--><\/p>\nOnline fax is one of the easiest options to use! There\u2019s no need to drive anywhere or to use a clunky fax machine &#8211; simply follow the instructions below for whichever device you want to fax with, and it will feel as easy as texting or sending an email.\u00a0<h3 class=\"wp-block-heading\">iPhone o Android<\/h3><figure class=\"wp-block-image size-full\"><img loading=\"lazy\" decoding=\"async\" width=\"1024\" height=\"1024\" src=\"https:\/\/comfax.com\/wp-content\/uploads\/2025\/06\/fax-app-for-android-and-iphone-municorn-mockup.png\" alt=\"\" class=\"wp-image-5323\" srcset=\"https:\/\/comfax.com\/wp-content\/uploads\/2025\/06\/fax-app-for-android-and-iphone-municorn-mockup.png 1024w, https:\/\/comfax.com\/wp-content\/uploads\/2025\/06\/fax-app-for-android-and-iphone-municorn-mockup-300x300.png 300w, https:\/\/comfax.com\/wp-content\/uploads\/2025\/06\/fax-app-for-android-and-iphone-municorn-mockup-150x150.png 150w, https:\/\/comfax.com\/wp-content\/uploads\/2025\/06\/fax-app-for-android-and-iphone-municorn-mockup-768x768.png 768w\" sizes=\"auto, (max-width: 1024px) 100vw, 1024px\" \/><\/figure><figure class=\"wp-block-image size-full\"><img loading=\"lazy\" decoding=\"async\" width=\"1024\" height=\"1024\" src=\"https:\/\/comfax.com\/wp-content\/uploads\/2025\/06\/send-fax-via-email-everyfax.png\" alt=\"\" class=\"wp-image-5325\" srcset=\"https:\/\/comfax.com\/wp-content\/uploads\/2025\/06\/send-fax-via-email-everyfax.png 1024w, https:\/\/comfax.com\/wp-content\/uploads\/2025\/06\/send-fax-via-email-everyfax-300x300.png 300w, https:\/\/comfax.com\/wp-content\/uploads\/2025\/06\/send-fax-via-email-everyfax-150x150.png 150w, https:\/\/comfax.com\/wp-content\/uploads\/2025\/06\/send-fax-via-email-everyfax-768x768.png 768w\" sizes=\"auto, (max-width: 1024px) 100vw, 1024px\" \/><\/figure><h3 class=\"wp-block-heading\">Correo electr\u00f3nico<\/h3><h3 class=\"has-text-align-center wp-block-heading\">Fax por web<\/h3><p>La mayor\u00eda de los servicios de env\u00edo de faxes online cobran por p\u00e1gina, de forma similar a las m\u00e1quinas de fax f\u00edsicas, u ofrecen suscripciones que incluyen un n\u00famero limitado de p\u00e1ginas. Algunos servicios de env\u00edo de faxes online utilizan en cambio suscripciones de tarifa plana, que pueden ser m\u00e1s predecibles para las personas que env\u00edan faxes con regularidad. <\/p>\n<p>\u00bfQu\u00e9 significa esto en la pr\u00e1ctica? Tomemos un ejemplo sencillo utilizando los precios medios de la tabla comparativa anterior. En muchos establecimientos minoristas, el env\u00edo de faxes cuesta alrededor de 1,50 $ por p\u00e1gina. Si solo necesitas enviar una o dos p\u00e1ginas, el coste total puede ser similar tanto si env\u00edas el fax en persona como si utilizas un servicio online.   <\/p>\n<p>Pero si necesitas enviar por fax documentos a un proveedor de atenci\u00f3n m\u00e9dica, presentar documentos para los impuestos o enviar formularios a un banco o compa\u00f1\u00eda de tarjetas de cr\u00e9dito, podr\u00edas enviar f\u00e1cilmente entre 25 y 30 p\u00e1ginas una vez que se incluyan las portadas y los documentos de respaldo. A las tarifas t\u00edpicas de las tiendas, eso puede acumularse r\u00e1pidamente. El uso de una suscripci\u00f3n de tarifa plana para el env\u00edo de faxes online cambia las cuentas. En lugar de pagar por p\u00e1gina, el coste sigue siendo el mismo independientemente de si env\u00edas unas pocas p\u00e1ginas o varias docenas.   <\/p>\n<p data-start=\"1617\" data-end=\"1658\">Por ejemplo, seg\u00fan los promedios anteriores:<\/p>","protected":false},"excerpt":{"rendered":"<p>\u00bfD\u00f3nde puedo enviar un fax? If you are searching for &#8216;fax services near me,&#8217; you likely need to send a document immediately. In most U.S. cities and towns, public fax machines are available at The UPS Store, FedEx Office, and Staples. Most charge between $1.50 \u2013 $3.00 per page. Below is a comparison of every [&hellip;]<\/p>\n","protected":false},"author":3,"featured_media":0,"parent":0,"menu_order":0,"comment_status":"closed","ping_status":"closed","template":"","meta":{"_acf_changed":false,"footnotes":""},"class_list":["post-6890","page","type-page","status-publish","hentry"],"acf":[],"_links":{"self":[{"href":"https:\/\/comfax.com\/es\/wp-json\/wp\/v2\/pages\/6890","targetHints":{"allow":["GET"]}}],"collection":[{"href":"https:\/\/comfax.com\/es\/wp-json\/wp\/v2\/pages"}],"about":[{"href":"https:\/\/comfax.com\/es\/wp-json\/wp\/v2\/types\/page"}],"author":[{"embeddable":true,"href":"https:\/\/comfax.com\/es\/wp-json\/wp\/v2\/users\/3"}],"replies":[{"embeddable":true,"href":"https:\/\/comfax.com\/es\/wp-json\/wp\/v2\/comments?post=6890"}],"version-history":[{"count":2,"href":"https:\/\/comfax.com\/es\/wp-json\/wp\/v2\/pages\/6890\/revisions"}],"predecessor-version":[{"id":7280,"href":"https:\/\/comfax.com\/es\/wp-json\/wp\/v2\/pages\/6890\/revisions\/7280"}],"wp:attachment":[{"href":"https:\/\/comfax.com\/es\/wp-json\/wp\/v2\/media?parent=6890"}],"curies":[{"name":"wp","href":"https:\/\/api.w.org\/{rel}","templated":true}]}}