{"id":6892,"date":"2025-12-01T10:41:42","date_gmt":"2025-12-01T10:41:42","guid":{"rendered":"https:\/\/comfax.com\/?page_id=6892"},"modified":"2025-12-01T10:41:42","modified_gmt":"2025-12-01T10:41:42","slug":"iphone-fax-app","status":"publish","type":"page","link":"https:\/\/comfax.com\/es\/iphone-fax-app\/","title":{"rendered":"Aplicaci\u00f3n de fax para iPhone"},"content":{"rendered":"<h1 class=\"wp-block-heading\">iPhone Fax App: r\u00e1pida, fiable y segura <\/h1>Municorn iPhone Fax App is our best-rated fax solution, trusted by millions of people in the United States over the years.<div class=\"wp-block-buttons is-layout-flex wp-block-buttons-is-layout-flex\"><div class=\"wp-block-button\"><a class=\"wp-block-button__link\">App Store<\/a><\/div><\/div>Download App:<figure class=\"wp-block-image size-full\"><img loading=\"lazy\" decoding=\"async\" width=\"1000\" height=\"1200\" src=\"https:\/\/comfax.com\/wp-content\/uploads\/2024\/12\/hero-landing-page-1.webp\" alt=\"\" class=\"wp-image-1453\" srcset=\"https:\/\/comfax.com\/wp-content\/uploads\/2024\/12\/hero-landing-page-1.webp 1000w, https:\/\/comfax.com\/wp-content\/uploads\/2024\/12\/hero-landing-page-1-250x300.webp 250w, https:\/\/comfax.com\/wp-content\/uploads\/2024\/12\/hero-landing-page-1-853x1024.webp 853w, https:\/\/comfax.com\/wp-content\/uploads\/2024\/12\/hero-landing-page-1-768x922.webp 768w\" sizes=\"auto, (max-width: 1000px) 100vw, 1000px\" \/><\/figure><h2 class=\"wp-block-heading\">Funciones principales de Fax App para iPhone<\/h2>Send &#038; Receive FaxesPowerful TrackingScan and Fax With iPhone<h3 class=\"wp-block-heading\">Env\u00eda y recibe faxes en tu tel\u00e9fono m\u00f3vil<\/h3><p data-pm-slice=\"1 1 []\">Usa tu iPhone como un fax personal que siempre tienes a mano. En pocos minutos podr\u00e1s enviar un fax directamente desde tu dispositivo. No necesitas ning\u00fan hardware ni software adicional, solo una conexi\u00f3n a Internet. Es tan f\u00e1cil como enviar un correo electr\u00f3nico, te lo prometemos.   <\/p>\n<p>Recibir faxes tambi\u00e9n es muy f\u00e1cil: solo tienes que introducir el n\u00famero de fax local que se incluye en cada suscripci\u00f3n a la FAX App y esperar a que el fax llegue a tu bandeja de entrada. \u00a1As\u00ed de f\u00e1cil! <\/p><div class=\"wp-block-buttons is-layout-flex wp-block-buttons-is-layout-flex\"><div class=\"wp-block-button\"><a class=\"wp-block-button__link\">Comienza a enviar faxes<\/a><\/div><\/div><figure class=\"wp-block-video\"><video height=\"782\" style=\"aspect-ratio: 440 \/ 782;\" width=\"440\" controls=\"\" src=\"https:\/\/comfax.com\/wp-content\/uploads\/2024\/11\/Send-Receive-Faxes-on-your-Phone.mp4\"><\/video><\/figure><figure class=\"wp-block-image size-full\"><img loading=\"lazy\" decoding=\"async\" width=\"402\" height=\"334\" src=\"https:\/\/comfax.com\/wp-content\/smush-webp\/2024\/11\/Group-164564.png.webp\" alt=\"\" class=\"wp-image-273\" srcset=\"https:\/\/comfax.com\/wp-content\/smush-webp\/2024\/11\/Group-164564.png.webp 402w, https:\/\/comfax.com\/wp-content\/smush-webp\/2024\/11\/Group-164564-300x249.png.webp 300w\" sizes=\"auto, (max-width: 402px) 100vw, 402px\" \/><\/figure><h3 class=\"wp-block-heading\">Realiza un seguimiento de los faxes enviados en la aplicaci\u00f3n<\/h3><p><!-- wp:Array \/--><\/p>\n<div class=\"wp-block-buttons is-layout-flex wp-block-buttons-is-layout-flex\"><div class=\"wp-block-button\"><a class=\"wp-block-button__link\">Comienza a enviar faxes<\/a><\/div><\/div><figure class=\"wp-block-video\"><video height=\"782\" style=\"aspect-ratio: 440 \/ 782;\" width=\"440\" controls=\"\" src=\"https:\/\/comfax.com\/wp-content\/uploads\/2024\/11\/Precision-Tracking.mp4\"><\/video><\/figure><figure class=\"wp-block-image size-full\"><img loading=\"lazy\" decoding=\"async\" width=\"402\" height=\"334\" src=\"https:\/\/comfax.com\/wp-content\/smush-webp\/2024\/11\/Group-164564.png.webp\" alt=\"\" class=\"wp-image-273\" srcset=\"https:\/\/comfax.com\/wp-content\/smush-webp\/2024\/11\/Group-164564.png.webp 402w, https:\/\/comfax.com\/wp-content\/smush-webp\/2024\/11\/Group-164564-300x249.png.webp 300w\" sizes=\"auto, (max-width: 402px) 100vw, 402px\" \/><\/figure><h3 class=\"wp-block-heading\">Funciones de esc\u00e1ner incluidas <br\/> <\/h3><p><!-- wp:Array \/--><\/p>\n<div class=\"wp-block-buttons is-layout-flex wp-block-buttons-is-layout-flex\"><div class=\"wp-block-button\"><a class=\"wp-block-button__link\">Comienza a enviar faxes<\/a><\/div><\/div><figure class=\"wp-block-video\"><video height=\"782\" style=\"aspect-ratio: 440 \/ 782;\" width=\"440\" controls=\"\" src=\"https:\/\/comfax.com\/wp-content\/uploads\/2024\/11\/Update-Documents-440x782-.mp4\"><\/video><\/figure><figure class=\"wp-block-image size-full\"><img loading=\"lazy\" decoding=\"async\" width=\"402\" height=\"334\" src=\"https:\/\/comfax.com\/wp-content\/smush-webp\/2024\/11\/Group-164564.png.webp\" alt=\"\" class=\"wp-image-273\" srcset=\"https:\/\/comfax.com\/wp-content\/smush-webp\/2024\/11\/Group-164564.png.webp 402w, https:\/\/comfax.com\/wp-content\/smush-webp\/2024\/11\/Group-164564-300x249.png.webp 300w\" sizes=\"auto, (max-width: 402px) 100vw, 402px\" \/><\/figure><h2 class=\"wp-block-heading\">La soluci\u00f3n de aplicaci\u00f3n de fax m\u00f3vil mejor valorada<\/h2>App Store <span>Downloads<\/span>Google Play <span>Downloads<\/span>User <span>Reviews<\/span><div class=\"wp-block-buttons is-layout-flex wp-block-buttons-is-layout-flex\"><div class=\"wp-block-button\"><a class=\"wp-block-button__link\">Comienza a enviar faxes<br\/><\/a><\/div><\/div>Key FeaturesKey Features<h2 class=\"wp-block-heading\">Guardar y gestionar contactos<\/h2><p><!-- wp:Array \/--><\/p>\n<figure class=\"wp-block-image size-full\"><img loading=\"lazy\" decoding=\"async\" width=\"1000\" height=\"1163\" src=\"https:\/\/comfax.com\/wp-content\/uploads\/2024\/12\/features-img-.webp\" alt=\"\" class=\"wp-image-1708\" srcset=\"https:\/\/comfax.com\/wp-content\/uploads\/2024\/12\/features-img-.webp 1000w, https:\/\/comfax.com\/wp-content\/uploads\/2024\/12\/features-img--258x300.webp 258w, https:\/\/comfax.com\/wp-content\/uploads\/2024\/12\/features-img--880x1024.webp 880w, https:\/\/comfax.com\/wp-content\/uploads\/2024\/12\/features-img--768x893.webp 768w\" sizes=\"auto, (max-width: 1000px) 100vw, 1000px\" \/><\/figure><h2 class=\"wp-block-heading\">Incre\u00edblemente funcional<\/h2><section class=\"faxing com-block b1\">\n<div class=\"container container-sm\">\n<div class=\"cont flexible flex-justify-between flex-align-center md-column md-center\">\n<div class=\"rgt\">\n<p data-pm-slice=\"1 1 []\">La Municorn FAX App para iPhone ofrece una gran variedad de funciones muy \u00fatiles, entre las que se incluyen:<\/p>\n<p>\u00a0<\/p>\n<ul>\n<li>Sending any type of images with your fax<\/li>\n<li>Sending PDF, DOC and HTML files<\/li>\n<li>Combine multiple documents in the app and send them in one fax<\/li>\n<li>Cloud storage support\u2014fax from Google Drive, Dropbox, iCloud and more<\/li>\n<li>Fax Cover Sheet Customization<\/li>\n<\/ul>\n<p>\u00a0<\/p>\n<\/div>\n<\/div>\n<\/div>\n<\/section><figure class=\"wp-block-image size-full\"><img loading=\"lazy\" decoding=\"async\" width=\"2556\" height=\"3239\" src=\"https:\/\/comfax.com\/wp-content\/smush-webp\/2025\/03\/Fax_for_web_1.png.webp\" alt=\"\" class=\"wp-image-4708\" srcset=\"https:\/\/comfax.com\/wp-content\/smush-webp\/2025\/03\/Fax_for_web_1.png.webp 2556w, https:\/\/comfax.com\/wp-content\/smush-webp\/2025\/03\/Fax_for_web_1-237x300.png.webp 237w, https:\/\/comfax.com\/wp-content\/smush-webp\/2025\/03\/Fax_for_web_1-808x1024.png.webp 808w, https:\/\/comfax.com\/wp-content\/smush-webp\/2025\/03\/Fax_for_web_1-768x973.png.webp 768w, https:\/\/comfax.com\/wp-content\/smush-webp\/2025\/03\/Fax_for_web_1-1212x1536.png.webp 1212w, https:\/\/comfax.com\/wp-content\/smush-webp\/2025\/03\/Fax_for_web_1-1616x2048.png.webp 1616w\" sizes=\"auto, (max-width: 2556px) 100vw, 2556px\" \/><\/figure><div class=\"wp-block-buttons is-layout-flex wp-block-buttons-is-layout-flex\"><div class=\"wp-block-button\"><a class=\"wp-block-button__link\">Comienza a enviar faxes<br\/><\/a><\/div><\/div><h2 class=\"wp-block-heading\">Cifrado y seguro seg\u00fan los estrictos est\u00e1ndares del sector <\/h2><p><!-- wp:Array \/--><\/p>\n<div class=\"wp-block-buttons is-layout-flex wp-block-buttons-is-layout-flex\"><div class=\"wp-block-button\"><a class=\"wp-block-button__link\">Comienza a enviar faxes<br\/><\/a><\/div><\/div><figure class=\"wp-block-image size-full\"><img loading=\"lazy\" decoding=\"async\" width=\"1000\" height=\"1163\" src=\"https:\/\/comfax.com\/wp-content\/uploads\/2024\/12\/features-img-1.webp\" alt=\"\" class=\"wp-image-1709\" srcset=\"https:\/\/comfax.com\/wp-content\/uploads\/2024\/12\/features-img-1.webp 1000w, https:\/\/comfax.com\/wp-content\/uploads\/2024\/12\/features-img-1-258x300.webp 258w, https:\/\/comfax.com\/wp-content\/uploads\/2024\/12\/features-img-1-880x1024.webp 880w, https:\/\/comfax.com\/wp-content\/uploads\/2024\/12\/features-img-1-768x893.webp 768w\" sizes=\"auto, (max-width: 1000px) 100vw, 1000px\" \/><\/figure>why us<h2 class=\"wp-block-heading\">\u00bfPor qu\u00e9 utilizar la FAX App para iPhone en lugar de una m\u00e1quina de fax?<\/h2>Our testimonials<h2 class=\"wp-block-heading\">Lo que dicen los clientes sobre nosotros<\/h2>Read our App Store &#038; Google Play User ReviewsApp Store UserThis is one of the best apps ever! If you don\u2019t want to buy a fax machine and pay for a landline to connect it to monthly this is the best thing for you! Fax, conveniently right from your phone!App Store UserMake my life so much easier on the go and always have my information at my finger tips Thanks you for this excellent app!!!App Store UserI needed to send an important fax and the process was simple, fast, secure, and I received a confirmation that the fax was successfully received. Yes, it will cost you $10 to subscribe for a week but it\u2019s more convenient and likely cheaper than going to a store to do it. If you need to send an important document and don\u2019t mind spending a few bucks to get it done I highly recommend this app.<div class=\"wp-block-buttons is-layout-flex wp-block-buttons-is-layout-flex\"><div class=\"wp-block-button\"><a class=\"wp-block-button__link\">Lee las opiniones de nuestros clientes<\/a><\/div><\/div>App Store UserVery effective for phone and iPad business on-the-go. Maximized my work away from office and home!<div class=\"wp-block-buttons is-layout-flex wp-block-buttons-is-layout-flex\"><div class=\"wp-block-button\"><a class=\"wp-block-button__link\">Lee las opiniones de nuestros clientes<\/a><\/div><\/div>FAQs<h2 class=\"wp-block-heading\">Preguntas frecuentes<\/h2><figure class=\"wp-block-image size-full\"><img loading=\"lazy\" decoding=\"async\" width=\"1000\" height=\"1300\" src=\"https:\/\/comfax.com\/wp-content\/uploads\/2024\/12\/faqs-im.webp\" alt=\"\" class=\"wp-image-1712\" srcset=\"https:\/\/comfax.com\/wp-content\/uploads\/2024\/12\/faqs-im.webp 1000w, https:\/\/comfax.com\/wp-content\/uploads\/2024\/12\/faqs-im-231x300.webp 231w, https:\/\/comfax.com\/wp-content\/uploads\/2024\/12\/faqs-im-788x1024.webp 788w, https:\/\/comfax.com\/wp-content\/uploads\/2024\/12\/faqs-im-768x998.webp 768w\" sizes=\"auto, (max-width: 1000px) 100vw, 1000px\" \/><\/figure><h2 class=\"wp-block-heading\">Descarga nuestra app, confiada por m\u00e1s de 10 millones de usuarios<\/h2><div class=\"wp-block-buttons is-layout-flex wp-block-buttons-is-layout-flex\"><div class=\"wp-block-button\"><a class=\"wp-block-button__link\">App Store<\/a><\/div><\/div><div class=\"wp-block-buttons is-layout-flex wp-block-buttons-is-layout-flex\"><div class=\"wp-block-button\"><a class=\"wp-block-button__link\">Google Play<\/a><\/div><\/div>","protected":false},"excerpt":{"rendered":"<p>iPhone Fax App: r\u00e1pida, fiable y segura Municorn iPhone Fax App is our best-rated fax solution, trusted by millions of people in the United States over the years.Download App: Funciones principales de Fax App para iPhone Send &#038; Receive FaxesPowerful TrackingScan and Fax With iPhone Env\u00eda y recibe faxes en tu tel\u00e9fono m\u00f3vil Usa tu [&hellip;]<\/p>\n","protected":false},"author":2,"featured_media":0,"parent":0,"menu_order":0,"comment_status":"closed","ping_status":"closed","template":"","meta":{"_acf_changed":false,"footnotes":""},"class_list":["post-6892","page","type-page","status-publish","hentry"],"acf":[],"_links":{"self":[{"href":"https:\/\/comfax.com\/es\/wp-json\/wp\/v2\/pages\/6892","targetHints":{"allow":["GET"]}}],"collection":[{"href":"https:\/\/comfax.com\/es\/wp-json\/wp\/v2\/pages"}],"about":[{"href":"https:\/\/comfax.com\/es\/wp-json\/wp\/v2\/types\/page"}],"author":[{"embeddable":true,"href":"https:\/\/comfax.com\/es\/wp-json\/wp\/v2\/users\/2"}],"replies":[{"embeddable":true,"href":"https:\/\/comfax.com\/es\/wp-json\/wp\/v2\/comments?post=6892"}],"version-history":[{"count":1,"href":"https:\/\/comfax.com\/es\/wp-json\/wp\/v2\/pages\/6892\/revisions"}],"predecessor-version":[{"id":6900,"href":"https:\/\/comfax.com\/es\/wp-json\/wp\/v2\/pages\/6892\/revisions\/6900"}],"wp:attachment":[{"href":"https:\/\/comfax.com\/es\/wp-json\/wp\/v2\/media?parent=6892"}],"curies":[{"name":"wp","href":"https:\/\/api.w.org\/{rel}","templated":true}]}}