{"id":6946,"date":"2025-12-01T10:41:36","date_gmt":"2025-12-01T10:41:36","guid":{"rendered":"https:\/\/comfax.com\/?page_id=6946"},"modified":"2025-12-01T10:41:36","modified_gmt":"2025-12-01T10:41:36","slug":"android-fax-app","status":"publish","type":"page","link":"https:\/\/comfax.com\/es\/android-fax-app\/","title":{"rendered":"Aplicaci\u00f3n de fax para Android"},"content":{"rendered":"<h1 class=\"wp-block-heading\">Aplicaci\u00f3n de fax para Android: rica en funciones y f\u00e1cil de usar<\/h1>Start sending HIPAA-Compliant faxes online in minutes with Municorn&#8217;s Android Fax App<div class=\"wp-block-buttons is-layout-flex wp-block-buttons-is-layout-flex\"><div class=\"wp-block-button\"><a class=\"wp-block-button__link\">Google Play<\/a><\/div><\/div>Download App:<figure class=\"wp-block-image size-full\"><img loading=\"lazy\" decoding=\"async\" width=\"331\" height=\"504\" src=\"https:\/\/comfax.com\/wp-content\/smush-webp\/2024\/12\/android-fax-app-front-page.png.webp\" alt=\"\" class=\"wp-image-3983\" srcset=\"https:\/\/comfax.com\/wp-content\/smush-webp\/2024\/12\/android-fax-app-front-page.png.webp 331w, https:\/\/comfax.com\/wp-content\/smush-webp\/2024\/12\/android-fax-app-front-page-197x300.png.webp 197w\" sizes=\"auto, (max-width: 331px) 100vw, 331px\" \/><\/figure>The Process<h2 class=\"wp-block-heading\">Env\u00eda faxes con la Android Fax App en tres sencillos pasos<\/h2>We know that faxing with a fax machine can be a hassle so we designed the process to be as straightforward as possible<figure class=\"wp-block-image size-full\"><img loading=\"lazy\" decoding=\"async\" width=\"296\" height=\"605\" src=\"https:\/\/comfax.com\/wp-content\/smush-webp\/2024\/12\/enter-fax-number-android.png.webp\" alt=\"\" class=\"wp-image-3971\" srcset=\"https:\/\/comfax.com\/wp-content\/smush-webp\/2024\/12\/enter-fax-number-android.png.webp 296w, https:\/\/comfax.com\/wp-content\/smush-webp\/2024\/12\/enter-fax-number-android-147x300.png.webp 147w\" sizes=\"auto, (max-width: 296px) 100vw, 296px\" \/><\/figure><h3 class=\"wp-block-heading\">Paso 1<\/h3>After you&#8217;ve registered in the app and chose your own number, enter the fax number of the recipient.<figure class=\"wp-block-image size-full\"><img loading=\"lazy\" decoding=\"async\" width=\"323\" height=\"605\" src=\"https:\/\/comfax.com\/wp-content\/smush-webp\/2024\/12\/add-documents-you-want-to-fax.png.webp\" alt=\"\" class=\"wp-image-3972\" srcset=\"https:\/\/comfax.com\/wp-content\/smush-webp\/2024\/12\/add-documents-you-want-to-fax.png.webp 323w, https:\/\/comfax.com\/wp-content\/smush-webp\/2024\/12\/add-documents-you-want-to-fax-160x300.png.webp 160w\" sizes=\"auto, (max-width: 323px) 100vw, 323px\" \/><\/figure><h3 class=\"wp-block-heading\">Paso 2<\/h3>Upload a cover page if needed, add a PDF or MS Word document from your Android phone&#8217;s internal storage or another app on your phone<figure class=\"wp-block-image size-full\"><img loading=\"lazy\" decoding=\"async\" width=\"296\" height=\"605\" src=\"https:\/\/comfax.com\/wp-content\/smush-webp\/2024\/12\/hit-send-android.png.webp\" alt=\"\" class=\"wp-image-3973\" srcset=\"https:\/\/comfax.com\/wp-content\/smush-webp\/2024\/12\/hit-send-android.png.webp 296w, https:\/\/comfax.com\/wp-content\/smush-webp\/2024\/12\/hit-send-android-147x300.png.webp 147w\" sizes=\"auto, (max-width: 296px) 100vw, 296px\" \/><\/figure><h3 class=\"wp-block-heading\">Paso 3<\/h3>Review the contents of your fax and hit large SEND button as soon as you&#8217;re confident. You&#8217;ll receive confirmation as soon as your fax is deliveredTo receive fax, get your local fax number on signup, provide it to a person or organization willing to fax you and wait for the fax in your Municorn Fax App inbox.\u00a0<h2 class=\"wp-block-heading\">Funciones de la aplicaci\u00f3n de fax para Android<\/h2>Scan and Fax With a Phone CameraFax PDFs and Images<figure class=\"wp-block-video\"><video height=\"782\" style=\"aspect-ratio: 440 \/ 782;\" width=\"440\" controls=\"\" src=\"https:\/\/comfax.com\/wp-content\/uploads\/2024\/11\/Scanfax_440x782.mp4\"><\/video><\/figure><figure class=\"wp-block-image size-full\"><img loading=\"lazy\" decoding=\"async\" width=\"402\" height=\"334\" src=\"https:\/\/comfax.com\/wp-content\/smush-webp\/2024\/11\/Group-164564.png.webp\" alt=\"\" class=\"wp-image-273\" srcset=\"https:\/\/comfax.com\/wp-content\/smush-webp\/2024\/11\/Group-164564.png.webp 402w, https:\/\/comfax.com\/wp-content\/smush-webp\/2024\/11\/Group-164564-300x249.png.webp 300w\" sizes=\"auto, (max-width: 402px) 100vw, 402px\" \/><\/figure><h3 class=\"wp-block-heading\">Escanea y env\u00eda por fax documentos en papel con la c\u00e1mara de tu m\u00f3vil<\/h3>Your Android Fax App makes your phone a portable scanner capable of faxing any paper document to anywhere in the US (or the world). \nAny documents you send via Android Fax App are encrypted and protected since we are a HIPAA-compliant service.<div class=\"wp-block-buttons is-layout-flex wp-block-buttons-is-layout-flex\"><div class=\"wp-block-button\"><a class=\"wp-block-button__link\">Comienza a enviar faxes<\/a><\/div><\/div><figure class=\"wp-block-video\"><video height=\"782\" style=\"aspect-ratio: 440 \/ 782;\" width=\"440\" controls=\"\" src=\"https:\/\/comfax.com\/wp-content\/uploads\/2024\/11\/Add_any_doc_440x782.mp4\"><\/video><\/figure><figure class=\"wp-block-image size-full\"><img loading=\"lazy\" decoding=\"async\" width=\"402\" height=\"334\" src=\"https:\/\/comfax.com\/wp-content\/smush-webp\/2024\/11\/Group-164564.png.webp\" alt=\"\" class=\"wp-image-273\" srcset=\"https:\/\/comfax.com\/wp-content\/smush-webp\/2024\/11\/Group-164564.png.webp 402w, https:\/\/comfax.com\/wp-content\/smush-webp\/2024\/11\/Group-164564-300x249.png.webp 300w\" sizes=\"auto, (max-width: 402px) 100vw, 402px\" \/><\/figure><h3 class=\"wp-block-heading\">Env\u00eda faxes como si fueran correos electr\u00f3nicos<\/h3>Sending or receiving a fax with your phone shouldn\u2019t be harder than email. With fax app, you can fax documents and images straight from your phone or any of the popular cloud storage apps like Dropbox and Google Drive. And unlike email, receive confirmation of delivery!<br\/> Supported file formats include PDF, DOCX, PNG, JPEG, TIFF and HTML<div class=\"wp-block-buttons is-layout-flex wp-block-buttons-is-layout-flex\"><div class=\"wp-block-button\"><a class=\"wp-block-button__link\">Comienza a enviar faxes<\/a><\/div><\/div><h2 class=\"wp-block-heading\">Las aplicaciones de fax de Municorn son utilizadas por millones de personas<\/h2>App Store <span>Downloads<\/span>Google Play <span>Downloads<\/span>User <span>Reviews<\/span>why Fax App<h2 class=\"wp-block-heading\">\u00bfQu\u00e9 hace que Fax App para Android sea la primera opci\u00f3n para 3 millones de personas?<\/h2>Our testimonials<h2 class=\"wp-block-heading\">Lee las opiniones de nuestros usuarios en App Store y Google Play<br\/><\/h2>Read our Google Play User Reviews. Quoted verbatimGoogle Play ReviewWorked out perfectly for my spur of the moment needs. It was the middle of the night and I live in an area where there is zero available resources to send a fax and I had a deadline I had to make and this app. Saved my butt . Thank you to the creator. I appreciate the app. I would recommend it and will use again in the futureGoogle Play ReviewFirst let me say that I have been using the app for a long time and the app is very helpful and good. So I definitely recommend.Google Play ReviewExceptional! I was flying abroad and needed to send a fax. This app was a life saver! Easy to use, and you are also notified once the fax has been received at the destination.<div class=\"wp-block-buttons is-layout-flex wp-block-buttons-is-layout-flex\"><div class=\"wp-block-button\"><a class=\"wp-block-button__link\">Lee las opiniones de nuestros clientes<br\/><\/a><\/div><\/div>Google Play ReviewBest online faxing I\u2019ve found! No caps on the size of the file or the number of pages you can send, and it was sooooo quick and easy! No nonsense! Awesome!<div class=\"wp-block-buttons is-layout-flex wp-block-buttons-is-layout-flex\"><div class=\"wp-block-button\"><a class=\"wp-block-button__link\">Lee las opiniones de nuestros clientes<br\/><\/a><\/div><\/div>FAQs<h2 class=\"wp-block-heading\">Preguntas frecuentes<br\/><\/h2><figure class=\"wp-block-image size-full\"><img loading=\"lazy\" decoding=\"async\" width=\"1000\" height=\"1300\" src=\"https:\/\/comfax.com\/wp-content\/uploads\/2024\/12\/faqs-im.webp\" alt=\"\" class=\"wp-image-1712\" srcset=\"https:\/\/comfax.com\/wp-content\/uploads\/2024\/12\/faqs-im.webp 1000w, https:\/\/comfax.com\/wp-content\/uploads\/2024\/12\/faqs-im-231x300.webp 231w, https:\/\/comfax.com\/wp-content\/uploads\/2024\/12\/faqs-im-788x1024.webp 788w, https:\/\/comfax.com\/wp-content\/uploads\/2024\/12\/faqs-im-768x998.webp 768w\" sizes=\"auto, (max-width: 1000px) 100vw, 1000px\" \/><\/figure><h2 class=\"wp-block-heading\">Descarga nuestra app, confiada por m\u00e1s de 10 millones de usuarios<\/h2><div class=\"wp-block-buttons is-layout-flex wp-block-buttons-is-layout-flex\"><div class=\"wp-block-button\"><a class=\"wp-block-button__link\">App Store<\/a><\/div><\/div><div class=\"wp-block-buttons is-layout-flex wp-block-buttons-is-layout-flex\"><div class=\"wp-block-button\"><a class=\"wp-block-button__link\">Google Play<\/a><\/div><\/div>Send Fax in Minutes<figure class=\"wp-block-video\"><video height=\"782\" style=\"aspect-ratio: 440 \/ 782;\" width=\"440\" controls=\"\" src=\"https:\/\/comfax.com\/wp-content\/uploads\/2024\/12\/Send_fax_440x7821.mp4\"><\/video><\/figure><figure class=\"wp-block-image size-full\"><img loading=\"lazy\" decoding=\"async\" width=\"402\" height=\"334\" src=\"https:\/\/comfax.com\/wp-content\/smush-webp\/2024\/11\/Group-164564.png.webp\" alt=\"\" class=\"wp-image-273\" srcset=\"https:\/\/comfax.com\/wp-content\/smush-webp\/2024\/11\/Group-164564.png.webp 402w, https:\/\/comfax.com\/wp-content\/smush-webp\/2024\/11\/Group-164564-300x249.png.webp 300w\" sizes=\"auto, (max-width: 402px) 100vw, 402px\" \/><\/figure><h3 class=\"wp-block-heading\">Fast and Simple Faxing Process <\/h3>Faxing with your Android Phone is almost instant and requires nothing more than a recipient\u2019s fax number, a few words on a free fillable cover sheet and hitting the send button. Android Fax App is free to download and send 1 free fax to test it out. And if you need to receive a fax back from your recipient, just give them your fax number, which is also included with a subscription and you&#8217;re good to go. The number is yours as long as you&#8217;re subscribeded.<div class=\"wp-block-buttons is-layout-flex wp-block-buttons-is-layout-flex\"><div class=\"wp-block-button\"><a class=\"wp-block-button__link\">Comienza a enviar faxes<\/a><\/div><\/div>","protected":false},"excerpt":{"rendered":"<p>Aplicaci\u00f3n de fax para Android: rica en funciones y f\u00e1cil de usar Start sending HIPAA-Compliant faxes online in minutes with Municorn&#8217;s Android Fax AppDownload App:The Process Env\u00eda faxes con la Android Fax App en tres sencillos pasos We know that faxing with a fax machine can be a hassle so we designed the process to [&hellip;]<\/p>\n","protected":false},"author":3,"featured_media":0,"parent":0,"menu_order":0,"comment_status":"closed","ping_status":"closed","template":"","meta":{"_acf_changed":false,"footnotes":""},"class_list":["post-6946","page","type-page","status-publish","hentry"],"acf":[],"_links":{"self":[{"href":"https:\/\/comfax.com\/es\/wp-json\/wp\/v2\/pages\/6946","targetHints":{"allow":["GET"]}}],"collection":[{"href":"https:\/\/comfax.com\/es\/wp-json\/wp\/v2\/pages"}],"about":[{"href":"https:\/\/comfax.com\/es\/wp-json\/wp\/v2\/types\/page"}],"author":[{"embeddable":true,"href":"https:\/\/comfax.com\/es\/wp-json\/wp\/v2\/users\/3"}],"replies":[{"embeddable":true,"href":"https:\/\/comfax.com\/es\/wp-json\/wp\/v2\/comments?post=6946"}],"version-history":[{"count":1,"href":"https:\/\/comfax.com\/es\/wp-json\/wp\/v2\/pages\/6946\/revisions"}],"predecessor-version":[{"id":6947,"href":"https:\/\/comfax.com\/es\/wp-json\/wp\/v2\/pages\/6946\/revisions\/6947"}],"wp:attachment":[{"href":"https:\/\/comfax.com\/es\/wp-json\/wp\/v2\/media?parent=6946"}],"curies":[{"name":"wp","href":"https:\/\/api.w.org\/{rel}","templated":true}]}}